{"id":30754,"date":"2025-04-23T15:34:07","date_gmt":"2025-04-23T19:34:07","guid":{"rendered":"https:\/\/genomequebec.com\/?page_id=30754"},"modified":"2025-12-18T16:34:46","modified_gmt":"2025-12-18T21:34:46","slug":"code-beluga","status":"publish","type":"page","link":"https:\/\/genomequebec.com\/en\/edna\/code-beluga\/","title":{"rendered":"code B\u00e9luga"},"content":{"rendered":"\n<h4 class=\"wp-block-heading has-blue-600-color has-text-color has-link-color wp-elements-2a566336d807a14ea920c051ded677c1\">The first results are in!<\/h4>\n\n\n\n<p>Browse the interactive map and explore the results for each sampling site.<\/p>\n\n\n\n<figure class=\"wp-block-image size-large img-hover\"><a href=\"https:\/\/genomequebec.com\/en\/interactive-map\/\" target=\"_blank\" rel=\" noreferrer noopener\"><img decoding=\"async\" width=\"1024\" height=\"678\" src=\"https:\/\/genomequebec.com\/wp-content\/uploads\/2023\/03\/Explorer-la-carte-1-1024x678.png\" alt=\"\" class=\"wp-image-33558\" style=\"aspect-ratio:16\/9;object-fit:cover\" srcset=\"https:\/\/genomequebec.com\/wp-content\/uploads\/2023\/03\/Explorer-la-carte-1-1024x678.png 1024w, https:\/\/genomequebec.com\/wp-content\/uploads\/2023\/03\/Explorer-la-carte-1-300x199.png 300w, https:\/\/genomequebec.com\/wp-content\/uploads\/2023\/03\/Explorer-la-carte-1-768x509.png 768w, https:\/\/genomequebec.com\/wp-content\/uploads\/2023\/03\/Explorer-la-carte-1.png 1357w\" sizes=\"(max-width: 1024px) 100vw, 1024px\" \/><\/a><\/figure>\n\n\n\n<p>*Note: Starting winter 2026, the research community can request access to raw data through the <a href=\"https:\/\/genovalia.ulaval.ca\/en\/\" target=\"_blank\" rel=\"noreferrer noopener\">Genovalia<\/a> platform.<\/p>\n\n\n\n<div style=\"height:35px\" aria-hidden=\"true\" class=\"wp-block-spacer\"><\/div>\n\n\n\n<h4 class=\"wp-block-heading has-blue-600-color has-text-color has-link-color wp-elements-caa35e59aa87a4dbb5c76abff76ff4be\">A community science project on the biodiversity of the St. Lawrence River<\/h4>\n\n\n\n<p>Initiated by G\u00e9nome Qu\u00e9bec and Espace pour la vie, code Beluga is a community science project aimed at better understanding the state of biodiversity in the St. Lawrence Estuary just by analysing the <a href=\"https:\/\/genomequebec.com\/en\/edna\/\" target=\"_blank\" rel=\"noreferrer noopener\">environmental DNA<\/a> contained in a water sample.&nbsp; During the 12 sampling days held from May to August 2025, more than 800 people came to lend a hand at one of the four selected sites in the St. Lawrence Estuary.<\/p>\n\n\n\n<div class=\"wp-block-columns is-layout-flex wp-container-core-columns-is-layout-28f84493 wp-block-columns-is-layout-flex\">\n<div class=\"wp-block-column is-layout-flow wp-block-column-is-layout-flow\">\n<div style=\"height:40px\" aria-hidden=\"true\" class=\"wp-block-spacer\"><\/div>\n\n\n\n<p>Following a protocol established by G\u00e9nome Qu\u00e9bec, and thanks to the citizen engagement and science communication approach developed with the Biod\u00f4me&#8217;s education team, 500 water samples were collected and filtered on the riverbanks this summer. That&#8217;s more than 125 liters of water!<\/p>\n\n\n\n<p>After being meticulously analyzed at the Centre d\u2019expertise et de services G\u00e9nome Qu\u00e9bec, these samples revealed the presence of over 80 different organisms!&nbsp; A beautiful diversity ranging from small, discreet marine worms to large, majestic marine mammals.<\/p>\n<\/div>\n\n\n\n<div class=\"wp-block-column is-vertically-aligned-center is-layout-flow wp-block-column-is-layout-flow\">\n<figure class=\"wp-block-image aligncenter size-full\"><img decoding=\"async\" width=\"451\" height=\"359\" src=\"https:\/\/genomequebec.com\/wp-content\/uploads\/2025\/04\/Visuel_codeBeluga-1.png\" alt=\"\" class=\"wp-image-31056\"\/><\/figure>\n<\/div>\n<\/div>\n\n\n\n<div style=\"height:35px\" aria-hidden=\"true\" class=\"wp-block-spacer\"><\/div>\n\n\n\n<div class=\"wp-block-columns wp-embed-aspect-16-9 wp-has-aspect-ratio is-layout-flex wp-container-core-columns-is-layout-28f84493 wp-block-columns-is-layout-flex\">\n<div class=\"wp-block-column is-layout-flow wp-block-column-is-layout-flow\">\n<h4 class=\"wp-block-heading has-blue-600-color has-text-color has-link-color wp-elements-407c06df95d72b81396637394dee2802\">Watch the clip of the first results (Fr only)<\/h4>\n\n\n\n<figure class=\"wp-block-embed is-type-video is-provider-youtube wp-block-embed-youtube wp-embed-aspect-16-9 wp-has-aspect-ratio\"><div class=\"wp-block-embed__wrapper\">\n<iframe title=\"Premiers r\u00e9sultats de code B\u00e9luga\" width=\"500\" height=\"281\" src=\"https:\/\/www.youtube.com\/embed\/tvJHYQp6ei0?feature=oembed\" frameborder=\"0\" allow=\"accelerometer; autoplay; clipboard-write; encrypted-media; gyroscope; picture-in-picture; web-share\" referrerpolicy=\"strict-origin-when-cross-origin\" allowfullscreen><\/iframe>\n<\/div><\/figure>\n<\/div>\n\n\n\n<div class=\"wp-block-column is-layout-flow wp-block-column-is-layout-flow\">\n<h4 class=\"wp-block-heading has-blue-600-color has-text-color has-link-color wp-elements-5cde579987091885ea3357a5df1a47fd\">Watch the informative clip (Fr only)<\/h4>\n\n\n\n<figure class=\"wp-block-embed is-type-video is-provider-youtube wp-block-embed-youtube wp-embed-aspect-16-9 wp-has-aspect-ratio\"><div class=\"wp-block-embed__wrapper\">\n<iframe title=\"code B\u00e9luga\" width=\"500\" height=\"281\" src=\"https:\/\/www.youtube.com\/embed\/IAwK5xp0J2g?feature=oembed\" frameborder=\"0\" allow=\"accelerometer; autoplay; clipboard-write; encrypted-media; gyroscope; picture-in-picture; web-share\" referrerpolicy=\"strict-origin-when-cross-origin\" allowfullscreen><\/iframe>\n<\/div><\/figure>\n<\/div>\n<\/div>\n\n\n\n<div style=\"height:100px\" aria-hidden=\"true\" class=\"wp-block-spacer\"><\/div>\n\n\n\n<h4 class=\"wp-block-heading has-blue-600-color has-text-color has-link-color wp-elements-aa5e62008726c1fe9ac0c3067e8713ac\">Launch Recap<\/h4>\n\n\n\n<div class=\"wp-block-columns is-layout-flex wp-container-core-columns-is-layout-28f84493 wp-block-columns-is-layout-flex\">\n<div class=\"wp-block-column is-layout-flow wp-block-column-is-layout-flow\">\n<figure class=\"wp-block-embed is-type-video is-provider-youtube wp-block-embed-youtube wp-embed-aspect-16-9 wp-has-aspect-ratio\"><div class=\"wp-block-embed__wrapper\">\n<iframe title=\"R\u00e9capitulatif du lancement de code B\u00e9luga\" width=\"500\" height=\"281\" src=\"https:\/\/www.youtube.com\/embed\/WtarlIfXmuA?feature=oembed\" frameborder=\"0\" allow=\"accelerometer; autoplay; clipboard-write; encrypted-media; gyroscope; picture-in-picture; web-share\" referrerpolicy=\"strict-origin-when-cross-origin\" allowfullscreen><\/iframe>\n<\/div><\/figure>\n<\/div>\n\n\n\n<div class=\"wp-block-column is-layout-flow wp-block-column-is-layout-flow\"><\/div>\n<\/div>\n\n\n\n<div style=\"height:35px\" aria-hidden=\"true\" class=\"wp-block-spacer\"><\/div>\n\n\n\n<h4 class=\"wp-block-heading has-blue-600-color has-text-color has-link-color wp-elements-6b6943c98020965e1d15eb851775a155\"><em>code B\u00e9luga<\/em> in the media<\/h4>\n\n\n\n<figure class=\"wp-block-video\"><video height=\"640\" style=\"aspect-ratio: 1248 \/ 640;\" width=\"1248\" controls src=\"https:\/\/genomequebec.com\/wp-content\/uploads\/2025\/04\/received_1519069549051100.mp4\"><\/video><\/figure>\n\n\n\n<div style=\"height:35px\" aria-hidden=\"true\" class=\"wp-block-spacer\"><\/div>\n\n\n\n<h4 class=\"wp-block-heading has-blue-600-color has-text-color has-link-color wp-elements-4fc059cbbd83ec5b64383cd96f09340a\">Radio interviews<\/h4>\n\n\n\n<ul class=\"wp-block-list\">\n<li><a href=\"https:\/\/ici.radio-canada.ca\/ohdio\/premiere\/emissions\/midi-info\/segments\/rattrapage\/2056013\/lancement-un-projet-science-participative-entrevue\" target=\"_blank\" rel=\"noreferrer noopener\">Lancement d\u2019un projet de science participative&nbsp;:&nbsp;Entrevue<\/a><\/li>\n\n\n\n<li><a href=\"https:\/\/ici.radio-canada.ca\/ohdio\/premiere\/emissions\/penelope\/segments\/rattrapage\/2060382\/discussion-code-beluga\" target=\"_blank\" rel=\"noreferrer noopener\">La science participative pour la sauvegarde du b\u00e9luga<\/a><\/li>\n\n\n\n<li><a href=\"https:\/\/amp.cbc.ca\/listen\/live-radio\/1-15-daybreak-montreal\/clip\/16142211-code-beluga-scientists-need-help-summer-learn-saint-lawrence\" target=\"_blank\" rel=\"noreferrer noopener\">Code Beluga! Scientists need your help this summer to learn more about the Saint-Lawrence<\/a><\/li>\n\n\n\n<li><a href=\"https:\/\/ici.radio-canada.ca\/ohdio\/premiere\/emissions\/info-reveil\/segments\/rattrapage\/2076657\/adn-fleuve-saint-laurent-intitulee-code-beluga\" target=\"_blank\" rel=\"noreferrer noopener\">Comprendre l&#8217;\u00e9tat de la biodiversit\u00e9 dans le Saint-Laurent | OHdio | Radio-Canada<\/a><\/li>\n\n\n\n<li><a href=\"https:\/\/genomeqc.sharepoint.com\/:v:\/s\/DSAP\/ETd5-PgOeZlOkRufE5ZWOZcBvAqbJ8Ck2s7rdQozxYi_RQ?e=9qQZqt\" target=\"_blank\" rel=\"noreferrer noopener\">CIEL-FM_RdL-21mai2025.mp4<\/a><\/li>\n<\/ul>\n\n\n\n<h4 class=\"wp-block-heading has-blue-600-color has-text-color has-link-color wp-elements-1b848593697c1bbd5ee77db2a8d6d639\">Articles<\/h4>\n\n\n\n<ul class=\"wp-block-list\">\n<li><a href=\"https:\/\/www.journaldemontreal.com\/2025\/08\/21\/beluga--la-science-entre-les-mains-des-citoyens\" target=\"_blank\" rel=\"noreferrer noopener\">B\u00e9luga : la science entre les mains des citoyens | JDM<\/a><\/li>\n<\/ul>\n\n\n\n<figure class=\"wp-block-image\"><a href=\"https:\/\/www.journaldemontreal.com\/2025\/08\/21\/beluga--la-science-entre-les-mains-des-citoyens\" target=\"_blank\" rel=\" noreferrer noopener\"><img decoding=\"async\" width=\"834\" height=\"1024\" src=\"https:\/\/genomequebec.com\/wp-content\/uploads\/2025\/08\/OJ_Code_Beluga_WEB-834x1024.jpg\" alt=\"\" class=\"wp-image-32228\" srcset=\"https:\/\/genomequebec.com\/wp-content\/uploads\/2025\/08\/OJ_Code_Beluga_WEB-834x1024.jpg 834w, https:\/\/genomequebec.com\/wp-content\/uploads\/2025\/08\/OJ_Code_Beluga_WEB-244x300.jpg 244w, https:\/\/genomequebec.com\/wp-content\/uploads\/2025\/08\/OJ_Code_Beluga_WEB-768x943.jpg 768w, https:\/\/genomequebec.com\/wp-content\/uploads\/2025\/08\/OJ_Code_Beluga_WEB-1252x1536.jpg 1252w, https:\/\/genomequebec.com\/wp-content\/uploads\/2025\/08\/OJ_Code_Beluga_WEB.jpg 1650w\" sizes=\"(max-width: 834px) 100vw, 834px\" \/><\/a><figcaption class=\"wp-element-caption\">An infographic by <em>Le Journal de Montr\u00e9al<\/em><\/figcaption><\/figure>\n\n\n\n<ul class=\"wp-block-list\">\n<li><a href=\"https:\/\/ici.radio-canada.ca\/nouvelle\/2167109\/projet-science-biodiversite-saint-laurent-beluga\" target=\"_blank\" rel=\"noreferrer noopener\">Plonger dans l\u2019ADN du&nbsp;fleuve Saint-Laurent<\/a><\/li>\n\n\n\n<li><a href=\"https:\/\/www.lecharlevoisien.com\/2025\/05\/18\/code-beluga-un-projet-de-science-citoyenne-ouvert-aux-charlevoisiens\/\" target=\"_blank\" rel=\"noreferrer noopener\">Code B\u00e9luga : un projet de science citoyenne ouvert aux Charlevoisiens | Le Charlevoisien<\/a><\/li>\n\n\n\n<li><a href=\"https:\/\/cimtchau.ca\/nouvelles\/des-eleves-du-primaire-recoltent-de-ladn-pour-etudier-les-belugas-du-saint-laurent\/\" target=\"_blank\" rel=\"noopener\">Des \u00e9l\u00e8ves du primaire r\u00e9coltent de l\u2019ADN du Saint-Laurent pour \u00e9tudier les b\u00e9lugas &#8211; TVA CIMT CHAU<\/a><\/li>\n\n\n\n<li>Le Soleil : <a href=\"https:\/\/www.lesoleil.com\/actualites\/actualites-locales\/2025\/05\/25\/code-beluga-comprendre-la-biodiversite-du-saint-laurent-par-ladn-F6KNXTCGLFG57KFABSK4YHXVYA\/\" target=\"_blank\" rel=\"noopener\">Code B\u00e9luga:&nbsp;comprendre&nbsp;la biodiversit\u00e9 du Saint-Laurent&nbsp;par l\u2019ADN<\/a>\n<ul class=\"wp-block-list\">\n<li>La Voix de l&#8217;Est : <a href=\"https:\/\/www.lavoixdelest.ca\/actualites\/le-fil-des-coops\/2025\/05\/25\/code-beluga-comprendre-la-biodiversite-du-saint-laurent-par-ladn-F6KNXTCGLFG57KFABSK4YHXVYA\/\" target=\"_blank\" rel=\"noopener\">Code B\u00e9luga:&nbsp;comprendre&nbsp;la biodiversit\u00e9 du Saint-Laurent&nbsp;par l\u2019ADN<\/a><\/li>\n\n\n\n<li>Le Droit : <a href=\"https:\/\/www.ledroit.com\/actualites\/actualites-locales\/2025\/05\/25\/code-beluga-comprendre-la-biodiversite-du-saint-laurent-par-ladn-F6KNXTCGLFG57KFABSK4YHXVYA\/\" target=\"_blank\" rel=\"noopener\">Code B\u00e9luga:&nbsp;comprendre&nbsp;la biodiversit\u00e9 du Saint-Laurent&nbsp;par l\u2019ADN<\/a><\/li>\n<\/ul>\n<\/li>\n\n\n\n<li><a href=\"https:\/\/www.csskamloup.gouv.qc.ca\/code-beluga\/\" target=\"_blank\" rel=\"noopener\">Code B\u00e9luga &#8211; Centre de services scolaire de Kamouraska-Rivi\u00e8re-du-Loup<\/a><\/li>\n\n\n\n<li>La Presse canadienne : <a href=\"https:\/\/www.msn.com\/fr-ca\/science\/%C3%A9cologie\/code-b%C3%A9luga-une-exp%C3%A9rience-de-science-participative\/ar-AA1EZYJW\" target=\"_blank\" rel=\"noopener\">Code B\u00e9luga: une exp\u00e9rience de science participative<\/a>\n<ul class=\"wp-block-list\">\n<li>L&#8217;actualit\u00e9 : <a href=\"https:\/\/lactualite.com\/actualites\/code-beluga-une-experience-de-science-participative\/\" target=\"_blank\" rel=\"noopener\">Code B\u00e9luga: une exp\u00e9rience de science participative | L\u2019actualit\u00e9<\/a><\/li>\n\n\n\n<li>Noovo Info : <a href=\"https:\/\/www.noovo.info\/nouvelle\/code-beluga-une-experience-de-science-participative.html\" target=\"_blank\" rel=\"noopener\">Code B\u00e9luga: une exp\u00e9rience de science participative | Noovo Info<\/a><\/li>\n<\/ul>\n<\/li>\n\n\n\n<li><a href=\"https:\/\/quartierlibre.ca\/code-beluga-sur-les-traces-des-especes-du-saint-laurent\/\" target=\"_blank\" rel=\"noopener\">Code B\u00e9luga&nbsp;: sur les traces des esp\u00e8ces du Saint-Laurent &#8211; Quartier Libre<\/a><\/li>\n\n\n\n<li><a href=\"https:\/\/www.sciencepresse.qc.ca\/actualite\/2025\/06\/04\/mieux-comprendre-faune-saint-laurent-science-citoyenne\" target=\"_blank\" rel=\"noopener\">Mieux comprendre la faune du Saint-Laurent par la science citoyenne | Agence Science-Presse<\/a><\/li>\n<\/ul>\n\n\n\n<h4 class=\"wp-block-heading has-blue-600-color has-text-color has-link-color wp-elements-16115083704b16fd54ea862137760ccf\"><strong>Television appearance<\/strong><\/h4>\n\n\n\n<h5 class=\"wp-block-heading\"><strong>TVA Nouvelles CIMT<\/strong> &#8211; <em>5:18 \u00e0 7:05<\/em>&nbsp;<\/h5>\n\n\n\n<div style=\"position:relative;padding-bottom:56.25%;height:0;overflow:hidden;\">\r\n  <iframe \r\n    src=\"https:\/\/geo.dailymotion.com\/player.html?video=x9jztzs&#038;autoplay=0&#038;mute=0\" \r\n    style=\"width:100%; height:100%; position:absolute; left:0px; top:0px; overflow:hidden; border:none;\" \r\n    allowfullscreen \r\n    title=\"Dailymotion Video Player\"\r\n    allow=\"web-share\">\r\n  <\/iframe>\r\n<\/div>\n\n\n\n<div style=\"height:35px\" aria-hidden=\"true\" class=\"wp-block-spacer\"><\/div>\n\n\n\n<h4 class=\"wp-block-heading wp-embed-aspect-16-9 wp-has-aspect-ratio has-blue-600-color has-text-color has-link-color wp-elements-4f4a5e3c329d53604351293b2b3840f1\">The initiative will help:<\/h4>\n\n\n\n<ul class=\"wp-block-list wp-embed-aspect-16-9 wp-has-aspect-ratio\">\n<li>Support prevention, monitoring and conservation efforts of key St. Lawrence River species, including the beluga;<\/li>\n\n\n\n<li>Better understand the biodiversity and changing environment of the St. Lawrence River Estuary;<\/li>\n\n\n\n<li>Mobilize the public around the importance of preserving aquatic ecosystems.<\/li>\n<\/ul>\n\n\n\n<h4 class=\"wp-block-heading wp-embed-aspect-16-9 wp-has-aspect-ratio has-blue-600-color has-text-color has-link-color wp-elements-3db201781eb91e194f7562849c666ba9\">Environmental DNA, how does it work<\/h4>\n\n\n\n<ul class=\"wp-block-list\">\n<li>eDNA is much like a genetic fingerprint left by living organisms in their environment. To learn more, visit our <a href=\"https:\/\/genomequebec.com\/en\/edna\/\" target=\"_blank\" rel=\"noreferrer noopener\">Environmental DNA<\/a> page.<\/li>\n<\/ul>\n\n\n\n<h4 class=\"wp-block-heading has-blue-600-color has-text-color has-link-color wp-elements-884bc5b545526178d6266873568708c2\"><em>code B\u00e9luga<\/em> at the Biod\u00f4me <\/h4>\n\n\n\n<p>The Biod\u00f4me, one of the five museums of Espace pour la vie, invites you to discover the secrets of biodiversity through interactive and educational initiatives. Immerse yourself in the fascinating world of the beluga whale and contribute to the protection of the precious ecosystem of the St. Lawrence Estuary. For more information: <a href=\"https:\/\/calendrier.espacepourlavie.ca\/code-beluga-en-981844\" target=\"_blank\" rel=\"noreferrer noopener\">code B\u00e9luga<\/a><\/p>\n\n\n\n<div style=\"height:30px\" aria-hidden=\"true\" class=\"wp-block-spacer\"><\/div>\n\n\n\n<figure class=\"wp-block-image size-full\"><img decoding=\"async\" width=\"1114\" height=\"619\" src=\"https:\/\/genomequebec.com\/wp-content\/uploads\/2025\/04\/logos-code-beluga.png\" alt=\"\" class=\"wp-image-30984\"\/><\/figure>\n","protected":false},"excerpt":{"rendered":"<p>The first results are in! Browse the interactive map and explore the results for each sampling site. *Note: Starting winter 2026, the research community can request access to raw data&hellip;<\/p>\n","protected":false},"author":2,"featured_media":31005,"parent":30756,"menu_order":0,"comment_status":"closed","ping_status":"closed","template":"","meta":{"_acf_changed":false,"_relevanssi_hide_post":"","_relevanssi_hide_content":"","_relevanssi_pin_for_all":"","_relevanssi_pin_keywords":"","_relevanssi_unpin_keywords":"","_relevanssi_related_keywords":"","_relevanssi_related_include_ids":"","_relevanssi_related_exclude_ids":"","_relevanssi_related_no_append":"","_relevanssi_related_not_related":"","_relevanssi_related_posts":"16696,16706,16566,16632,16790,16580","_relevanssi_noindex_reason":"","footnotes":""},"class_list":["post-30754","page","type-page","status-publish","has-post-thumbnail","hentry"],"acf":[],"_links":{"self":[{"href":"https:\/\/genomequebec.com\/en\/wp-json\/wp\/v2\/pages\/30754","targetHints":{"allow":["GET"]}}],"collection":[{"href":"https:\/\/genomequebec.com\/en\/wp-json\/wp\/v2\/pages"}],"about":[{"href":"https:\/\/genomequebec.com\/en\/wp-json\/wp\/v2\/types\/page"}],"author":[{"embeddable":true,"href":"https:\/\/genomequebec.com\/en\/wp-json\/wp\/v2\/users\/2"}],"replies":[{"embeddable":true,"href":"https:\/\/genomequebec.com\/en\/wp-json\/wp\/v2\/comments?post=30754"}],"version-history":[{"count":8,"href":"https:\/\/genomequebec.com\/en\/wp-json\/wp\/v2\/pages\/30754\/revisions"}],"predecessor-version":[{"id":33564,"href":"https:\/\/genomequebec.com\/en\/wp-json\/wp\/v2\/pages\/30754\/revisions\/33564"}],"up":[{"embeddable":true,"href":"https:\/\/genomequebec.com\/en\/wp-json\/wp\/v2\/pages\/30756"}],"wp:featuredmedia":[{"embeddable":true,"href":"https:\/\/genomequebec.com\/en\/wp-json\/wp\/v2\/media\/31005"}],"wp:attachment":[{"href":"https:\/\/genomequebec.com\/en\/wp-json\/wp\/v2\/media?parent=30754"}],"curies":[{"name":"wp","href":"https:\/\/api.w.org\/{rel}","templated":true}]}}