{"id":30068,"date":"2024-12-19T14:58:39","date_gmt":"2024-12-19T19:58:39","guid":{"rendered":"https:\/\/genomequebec.com\/portraits-de-membres-de-notre-equipe\/"},"modified":"2025-01-10T14:55:59","modified_gmt":"2025-01-10T19:55:59","slug":"portraits-de-membres-de-notre-equipe","status":"publish","type":"page","link":"https:\/\/genomequebec.com\/en\/portraits-de-membres-de-notre-equipe\/","title":{"rendered":"Portraits of our team members"},"content":{"rendered":"\n<div class=\"wp-block-media-text has-media-on-the-right is-stacked-on-mobile is-image-fill has-blue-100-color has-text-color has-link-color wp-elements-af66081ea0309c7dc44287fa3ebf972b\"><div class=\"wp-block-media-text__content\">\n<h5 class=\"wp-block-heading has-black-color has-text-color has-link-color wp-elements-8ef26eaac9805fea78f2060bfe537b2c\">Nancy Tremblay &#8211; Coordinnator, Biobanque G\u00e9nome Qu\u00e9bec and<br>CIUSSS du Saguenay Lac-Saint-Jean<\/h5>\n\n\n\n<h6 class=\"wp-block-heading has-black-color has-text-color has-link-color wp-elements-d1abc2d516a6a1202d43473aee9847b7\"><strong>How long have you worked at G\u00e9nome Qu\u00e9bec?<\/strong><\/h6>\n\n\n\n<p class=\"has-black-color has-text-color has-link-color wp-elements-29ba21e24cacb418d85064387c382534\">I have been officially employed by G\u00e9nome Qu\u00e9bec since May 2021. However, I&#8217;ve been working at the Biobanque G\u00e9nome Qu\u00e9bec\/CIUSSS du Saguenay-Lac-Saint-Jean since the very beginning in 2007. I helped set it up, from drawing up the plans with the architects to the layout.<\/p>\n\n\n\n<div class=\"wp-block-group has-primary-color has-text-color has-link-color wp-elements-2af50737002b24cfef7ca13aed9e6538 is-layout-constrained wp-block-group-is-layout-constrained\">\n<h6 class=\"wp-block-heading has-black-color has-text-color has-link-color wp-elements-3610a80dc04a6f7e0036298205c73eb2\">What expertise do you bring to the organization?<\/h6>\n\n\n\n<p class=\"has-black-color has-text-color has-link-color wp-elements-d5f8aecc54ce06626d063569565e6e93\">I supervise activities at the Biobank, where we store several million samples: blood, serum, plasma, urine, cells, Covid-19, DNA, RNA, and so on. We also collaborate with our Centre d\u2019expertise et de services for various customer services such as RNA and DNA extraction. My role is to ensure that activities are carried out to quality standards and on schedule. I also supervise the team, but to be honest, I&#8217;ve got great colleagues, so it doesn&#8217;t take too much energy on that side! What are your favorite things about your job?<\/p>\n\n\n\n<h6 class=\"wp-block-heading has-black-color has-text-color has-link-color wp-elements-9ab87f498adb8be82f16c26a937f9090\"><strong>What&#8217;s your favorite part of your job?<\/strong><\/h6>\n\n\n\n<p class=\"has-black-color has-text-color has-link-color wp-elements-8e655e7f3ca4fdce5374fd0aae539b1e\">I love developing new projects and optimizing protocols. I find it very stimulating to have to search the literature and elsewhere to find the best way of doing things. I love teamwork, where we can communicate, collaborate and join forces to bring a project to fruition.<\/p>\n\n\n\n<h6 class=\"wp-block-heading has-black-color has-text-color has-link-color wp-elements-7f0a9ec6efdcd9376a787f6bc0dde7aa\"><strong>What&#8217;s your personal motto?<\/strong><\/h6>\n\n\n\n<p><em>&#8221; Sky is the limit! If it doesn&#8217;t exist, maybe we can develop it.&#8221;<\/em><\/p>\n<\/div>\n<\/div><figure class=\"wp-block-media-text__media\" style=\"background-image:url(https:\/\/genomequebec.com\/wp-content\/uploads\/2023\/03\/Tremblay_Nancy_LR.jpg);background-position:54% 42%\"><img decoding=\"async\" width=\"600\" height=\"700\" src=\"https:\/\/genomequebec.com\/wp-content\/uploads\/2023\/03\/Tremblay_Nancy_LR.jpg\" alt=\"\" class=\"wp-image-26461 size-full\" srcset=\"https:\/\/genomequebec.com\/wp-content\/uploads\/2023\/03\/Tremblay_Nancy_LR.jpg 600w, https:\/\/genomequebec.com\/wp-content\/uploads\/2023\/03\/Tremblay_Nancy_LR-257x300.jpg 257w\" sizes=\"(max-width: 600px) 100vw, 600px\" \/><\/figure><\/div>\n\n\n\n<div class=\"wp-block-media-text is-stacked-on-mobile is-image-fill has-primary-background-color has-background\"><figure class=\"wp-block-media-text__media\" style=\"background-image:url(https:\/\/genomequebec.com\/wp-content\/uploads\/2023\/03\/Daoust_Philippe_LR.jpg);background-position:47% 63%\"><img decoding=\"async\" width=\"600\" height=\"700\" src=\"https:\/\/genomequebec.com\/wp-content\/uploads\/2023\/03\/Daoust_Philippe_LR.jpg\" alt=\"\" class=\"wp-image-17960 size-full\" srcset=\"https:\/\/genomequebec.com\/wp-content\/uploads\/2023\/03\/Daoust_Philippe_LR.jpg 600w, https:\/\/genomequebec.com\/wp-content\/uploads\/2023\/03\/Daoust_Philippe_LR-257x300.jpg 257w\" sizes=\"(max-width: 600px) 100vw, 600px\" \/><\/figure><div class=\"wp-block-media-text__content\">\n<p><\/p>\n\n\n\n<h5 class=\"wp-block-heading has-blue-100-color has-text-color has-link-color wp-elements-ab4eaae59cb4b4fcc2d1ea745f2c8db2\">Philippe Daoust &#8211; Commercial Analyst<\/h5>\n\n\n\n<h6 class=\"wp-block-heading has-blue-100-color has-text-color has-link-color wp-elements-b9f8d01b825fc9687220a5685c22fcad\"><strong><strong>How long have you worked at G\u00e9nome Qu\u00e9bec?<\/strong><\/strong><\/h6>\n\n\n\n<p class=\"has-blue-100-color has-text-color has-link-color wp-elements-083007b66d03ff809626770009e0f46f\">I&#8217;ve been with G\u00e9nome Qu\u00e9bec for 12 years. I&#8217;ve held three different positions: laboratory technician, customer manager and I&#8217;m currently a commercial analyst.<\/p>\n\n\n\n<div class=\"wp-block-group is-layout-constrained wp-block-group-is-layout-constrained\">\n<h6 class=\"wp-block-heading has-blue-100-color has-text-color has-link-color wp-elements-f4fd55ad5963c3649d14a1f603ce15e2\"><strong>What&#8217;s your favorite part of your job?<\/strong><\/h6>\n\n\n\n<p class=\"has-blue-100-color has-text-color has-link-color wp-elements-bb4e574111fd15439ca48f1273220859\">Managing change. I&#8217;m a little ball of energy who loves to germinate ideas for improvement through interactions with my colleagues. I love to be involved in the whole change cycle (up close and personal), from strategic thinking to operational implementation, so that there is organizational alignment.<\/p>\n\n\n\n<h6 class=\"wp-block-heading has-blue-100-color has-text-color has-link-color wp-elements-61e95d49b3cfff90b06ae9b03a0a3489\"><strong>What triggered your career choice?<\/strong><\/h6>\n\n\n\n<p class=\"has-blue-100-color has-text-color has-link-color wp-elements-ea34451b17a46762b5aeaab85efafef8\">I&#8217;ve always enjoyed pushing boundaries, which is what drew me to research. However, I believe I can have a greater impact by acting as a catalyst for change, which is why I decided to complete an MBA to further develop my management skills.<\/p>\n\n\n\n<h6 class=\"wp-block-heading has-blue-100-color has-text-color has-link-color wp-elements-91c373af31bd141445b376fc8b9bc833\"><strong><strong>What&#8217;s your personal motto?<\/strong><\/strong><\/h6>\n\n\n\n<p class=\"has-blue-100-color has-text-color has-link-color wp-elements-40595200fe8717a524826ba4a55ed16b\"><em>&#8221; To get something you&#8217;ve never had, you have to do something you&#8217;ve never done. &#8220;<\/em><\/p>\n\n\n\n<p class=\"has-blue-100-color has-text-color has-link-color wp-elements-b4580b9eb3d483e61f51656e89a3396d\">&#8211; P\u00e9ricl\u00e8s<\/p>\n<\/div>\n<\/div><\/div>\n\n\n\n<p class=\"has-black-color has-text-color has-link-color wp-elements-9ac00cf961d1ea846fe5a532228b76c6\"><\/p>\n\n\n\n<div class=\"wp-block-media-text is-stacked-on-mobile is-image-fill\"><figure class=\"wp-block-media-text__media\" style=\"background-image:url(https:\/\/genomequebec.com\/wp-content\/uploads\/2024\/12\/Petit_Guillaume_LR.jpg);background-position:40% 40%\"><img decoding=\"async\" width=\"600\" height=\"700\" src=\"https:\/\/genomequebec.com\/wp-content\/uploads\/2024\/12\/Petit_Guillaume_LR.jpg\" alt=\"\" class=\"wp-image-30022 size-full\"\/><\/figure><div class=\"wp-block-media-text__content\">\n<h5 class=\"wp-block-heading has-black-color has-text-color has-link-color wp-elements-c7246565f73c2f10eaeb16c009f13d79\">Guillaume Petit &#8211; Human Resource Advisor<\/h5>\n\n\n\n<h6 class=\"wp-block-heading has-black-color has-text-color has-link-color wp-elements-ffc97a766ec7ddcb283b8421d2d24f41\"><strong><strong>How long have you worked at G\u00e9nome Qu\u00e9bec?<\/strong><\/strong><\/h6>\n\n\n\n<p class=\"has-black-color has-text-color has-link-color wp-elements-022d02a4661fbff16720cdcdc8737458\">I&#8217;ve been with G\u00e9nome Qu\u00e9bec since February 2022.<\/p>\n\n\n\n<h6 class=\"wp-block-heading\"><strong>What expertise do you bring to the organization?<\/strong><\/h6>\n\n\n\n<p>In short, my role is to support the life and development of one of the organization&#8217;s essential components: the people who work there.<\/p>\n\n\n\n<p>This support takes the form of advice on HR processes and practices, in line with Genome Qu\u00e9bec&#8217;s framework and the legal framework.<\/p>\n\n\n\n<div class=\"wp-block-group has-primary-color has-text-color has-link-color wp-elements-4241b21e0059cb090e9227da95018944 is-layout-constrained wp-block-group-is-layout-constrained\">\n<h6 class=\"wp-block-heading has-black-color has-text-color has-link-color wp-elements-2e9d460c7ce549ed615da588d0913b8e\"><strong><strong>What&#8217;s your favorite part of your job?<\/strong><\/strong><\/h6>\n\n\n\n<p>My customers are internal: my colleagues.<\/p>\n\n\n\n<p>Supporting them, advising them and helping them in their day-to-day work to enable them to work and succeed in the best possible conditions. That&#8217;s what motivates me and makes me happy every day!<\/p>\n\n\n\n<h6 class=\"wp-block-heading\"><strong>What triggered your choice your career choice?<\/strong><\/h6>\n\n\n\n<p class=\"has-black-color has-text-color has-link-color wp-elements-3bdf7135d1866f174b80051116a0aafb\">I was undecided about my career choice for a long time, and I ended up specializing as my education progressed, according to my interests: it was through courses in employment law and people management that I realized that it was the human aspect of an organization that interested me most, so I logically turned to an HR career.<\/p>\n\n\n\n<h6 class=\"wp-block-heading has-black-color has-text-color has-link-color wp-elements-181121d651106cb1abbeb026009017ec\"><strong>What&#8217;s you personal motto?<\/strong><\/h6>\n\n\n\n<p><em>\u201cLive simply, travel freely, share the light and let it shine within!\u201d<\/em><\/p>\n<\/div>\n<\/div><\/div>\n","protected":false},"excerpt":{"rendered":"","protected":false},"author":2,"featured_media":26462,"parent":0,"menu_order":0,"comment_status":"closed","ping_status":"closed","template":"","meta":{"_acf_changed":false,"_relevanssi_hide_post":"","_relevanssi_hide_content":"","_relevanssi_pin_for_all":"","_relevanssi_pin_keywords":"","_relevanssi_unpin_keywords":"","_relevanssi_related_keywords":"","_relevanssi_related_include_ids":"","_relevanssi_related_exclude_ids":"","_relevanssi_related_no_append":"","_relevanssi_related_not_related":"","_relevanssi_related_posts":"15188,15755,15833,15628,16220,15598","_relevanssi_noindex_reason":"","footnotes":""},"class_list":["post-30068","page","type-page","status-publish","has-post-thumbnail","hentry"],"acf":[],"_links":{"self":[{"href":"https:\/\/genomequebec.com\/en\/wp-json\/wp\/v2\/pages\/30068","targetHints":{"allow":["GET"]}}],"collection":[{"href":"https:\/\/genomequebec.com\/en\/wp-json\/wp\/v2\/pages"}],"about":[{"href":"https:\/\/genomequebec.com\/en\/wp-json\/wp\/v2\/types\/page"}],"author":[{"embeddable":true,"href":"https:\/\/genomequebec.com\/en\/wp-json\/wp\/v2\/users\/2"}],"replies":[{"embeddable":true,"href":"https:\/\/genomequebec.com\/en\/wp-json\/wp\/v2\/comments?post=30068"}],"version-history":[{"count":4,"href":"https:\/\/genomequebec.com\/en\/wp-json\/wp\/v2\/pages\/30068\/revisions"}],"predecessor-version":[{"id":30076,"href":"https:\/\/genomequebec.com\/en\/wp-json\/wp\/v2\/pages\/30068\/revisions\/30076"}],"wp:featuredmedia":[{"embeddable":true,"href":"https:\/\/genomequebec.com\/en\/wp-json\/wp\/v2\/media\/26462"}],"wp:attachment":[{"href":"https:\/\/genomequebec.com\/en\/wp-json\/wp\/v2\/media?parent=30068"}],"curies":[{"name":"wp","href":"https:\/\/api.w.org\/{rel}","templated":true}]}}