{"id":28863,"date":"2024-04-23T15:30:41","date_gmt":"2024-04-23T19:30:41","guid":{"rendered":"https:\/\/genomequebec.com\/?page_id=28863"},"modified":"2024-04-24T14:52:24","modified_gmt":"2024-04-24T18:52:24","slug":"virtual-laboratory","status":"publish","type":"page","link":"https:\/\/genomequebec.com\/en\/virtual-laboratory\/","title":{"rendered":"Virtual Lab"},"content":{"rendered":"\n<p>We are proud to be the first in Canada to open the doors of a genomics lab! Take a virtual tour of our state-of-the-art premises. Learn more about genomics and the services offered at the Centre d&#8217;expertise et de services G\u00e9nome Qu\u00e9bec located at the CHU Sainte-Justine in Montr\u00e9al.<\/p>\n\n\n\n<p><\/p>\n\n\n\n<iframe width='853' height='480' src='https:\/\/my.matterport.com\/show\/?m=f1zd2b90m2sn1sfqbtt58dk3d&#038;views=0&#038;lang=en&#038;title=0' frameborder='0' allowfullscreen allow='xr-spatial-tracking'><\/iframe>\n\n\n\n<p><\/p>\n","protected":false},"excerpt":{"rendered":"<p>We are proud to be the first in Canada to open the doors of a genomics lab! Take a virtual tour of our state-of-the-art premises. Learn more about genomics and&hellip;<\/p>\n","protected":false},"author":2,"featured_media":28867,"parent":0,"menu_order":0,"comment_status":"closed","ping_status":"closed","template":"","meta":{"_acf_changed":false,"_relevanssi_hide_post":"","_relevanssi_hide_content":"","_relevanssi_pin_for_all":"","_relevanssi_pin_keywords":"","_relevanssi_unpin_keywords":"","_relevanssi_related_keywords":"","_relevanssi_related_include_ids":"","_relevanssi_related_exclude_ids":"","_relevanssi_related_no_append":"","_relevanssi_related_not_related":"","_relevanssi_related_posts":"28161,16604,16485,16610,16771,16641","_relevanssi_noindex_reason":"","footnotes":""},"class_list":["post-28863","page","type-page","status-publish","has-post-thumbnail","hentry"],"acf":[],"_links":{"self":[{"href":"https:\/\/genomequebec.com\/en\/wp-json\/wp\/v2\/pages\/28863","targetHints":{"allow":["GET"]}}],"collection":[{"href":"https:\/\/genomequebec.com\/en\/wp-json\/wp\/v2\/pages"}],"about":[{"href":"https:\/\/genomequebec.com\/en\/wp-json\/wp\/v2\/types\/page"}],"author":[{"embeddable":true,"href":"https:\/\/genomequebec.com\/en\/wp-json\/wp\/v2\/users\/2"}],"replies":[{"embeddable":true,"href":"https:\/\/genomequebec.com\/en\/wp-json\/wp\/v2\/comments?post=28863"}],"version-history":[{"count":8,"href":"https:\/\/genomequebec.com\/en\/wp-json\/wp\/v2\/pages\/28863\/revisions"}],"predecessor-version":[{"id":28910,"href":"https:\/\/genomequebec.com\/en\/wp-json\/wp\/v2\/pages\/28863\/revisions\/28910"}],"wp:featuredmedia":[{"embeddable":true,"href":"https:\/\/genomequebec.com\/en\/wp-json\/wp\/v2\/media\/28867"}],"wp:attachment":[{"href":"https:\/\/genomequebec.com\/en\/wp-json\/wp\/v2\/media?parent=28863"}],"curies":[{"name":"wp","href":"https:\/\/api.w.org\/{rel}","templated":true}]}}