{"id":27896,"date":"2023-10-23T15:33:28","date_gmt":"2023-10-23T19:33:28","guid":{"rendered":"https:\/\/genomequebec.com\/?page_id=27896"},"modified":"2023-10-23T15:36:31","modified_gmt":"2023-10-23T19:36:31","slug":"website-terms-of-use","status":"publish","type":"page","link":"https:\/\/genomequebec.com\/en\/website-terms-of-use\/","title":{"rendered":"Website terms of use"},"content":{"rendered":"\n<p><strong>Consent <\/strong><\/p>\n\n\n\n<p>Welcome to the G\u00e9nome Qu\u00e9bec Website and thank you for taking the time to review our Terms of Use. By accessing the G\u00e9nome Qu\u00e9bec Website, you agree to be bound by these Terms of Use, which may be modified by G\u00e9nome Qu\u00e9bec at any time.<\/p>\n\n\n\n<p><strong>Cookies<\/strong><\/p>\n\n\n\n<p>The G\u00e9nome Qu\u00e9bec Website uses cookies to keep track of your visits. They allow us to offer you a browsing experience tailored to your preferences (e.g. language of choice).<\/p>\n\n\n\n<p>Cookies are small data files transferred to your computer by a Website server.&nbsp; They do not contain any personal information about you. Cookies can only be read by the server that delivered them and can never be executed as code or deliver viruses.<\/p>\n\n\n\n<p>Most browsers are set up to accept cookies. You can reconfigure your browser to warn you that a server has sent you a cookie, giving you the choice of accepting or refusing it. To learn more on cookies and on how to change your parameters, go to the Help section of your browser. &nbsp;<\/p>\n\n\n\n<p><strong>Website Updates<\/strong><\/p>\n\n\n\n<p>G\u00e9nome Qu\u00e9bec aims to provide information that is as accurate and clear as possible. Any feedback received is taken into consideration, and necessary changes are made whenever possible.<\/p>\n\n\n\n<p>G\u00e9nome Qu\u00e9bec pays careful attention to the information it disseminates. Despite its efforts, discrepancies between the information posted on its Website and the information presented in official documents can occur. In such an event, our official documents prevail.<\/p>\n\n\n\n<p><strong>Limitation of Liability<\/strong><\/p>\n\n\n\n<p>G\u00e9nome Qu\u00e9bec uses its Website to post information on various sectors, such as the environment and medicine. This content is for information purposes only and should never be construed as professional, scientific or medical advice.<\/p>\n\n\n\n<p>The G\u00e9nome Qu\u00e9bec Website contains hyperlinks to third party Websites. If you use these hyperlinks, you will be leaving the G\u00e9nome Qu\u00e9bec Website. Third party Websites are not under the control of G\u00e9nome Qu\u00e9bec, nor is G\u00e9nome Qu\u00e9bec responsible for their content or updates.&nbsp; In no way does G\u00e9nome Qu\u00e9bec endorse the content of third party Websites.<\/p>\n\n\n\n<p><strong>Copyright Notice<\/strong><\/p>\n\n\n\n<p>The content of the G\u00e9nome Qu\u00e9bec Website is the intellectual property of G\u00e9nome Qu\u00e9bec, its licensors and\/or the party recognized as the supplier of the content. The G\u00e9nome Qu\u00e9bec Website is protected by copyright legislation as a collective work and\/or compilation as defined in Canadian laws.<\/p>\n\n\n\n<p>G\u00e9nome Qu\u00e9bec grants you a non-exclusive, non-transferrable licence to use and post elements of its Website for personal, non-commercial purposes provided you indicate the source and do not alter the content.<\/p>\n\n\n\n<p>G\u00e9nome Qu\u00e9bec encourages hyperlinks to its Website, but does not wish to be linked to any other Website that (i) contains or encourages conduct that would constitute a criminal or penal offense, violate the moral standards of Canadian society, infringe upon the rights of others, including conduct that undermines a person\u2019s reputation, private life or copyright, or (ii) could undermine or interfere with the activities, credibility or integrity of G\u00e9nome Qu\u00e9bec. G\u00e9nome Qu\u00e9bec reserves the right to prohibit any hyperlink to its Website at any time. You agree to remove any hyperlink to the G\u00e9nome Qu\u00e9bec Website upon its request.<\/p>\n\n\n\n<p>Any commercial use of the data herein requires prior written authorization by G\u00e9nome Qu\u00e9bec. This request must be submitted in writing and forwarded to G\u00e9nome Qu\u00e9bec by mail, fax or email.<\/p>\n\n\n\n<p><strong>G\u00e9nome Qu\u00e9bec<\/strong><br>630 Ren\u00e9-L\u00e9vesque Boulevard West, Suite 2660<br>Montr\u00e9al, Qu\u00e9bec&nbsp; H3B 1S6<br><br>Fax: 514 398-0883<br>Email:&nbsp;<a href=\"https:\/\/web.archive.org\/web\/20161223115527\/mailto:gqinfo@genomequebec.com\">gqinfo@genomequebec.com<\/a><\/p>\n\n\n\n<p><strong>Interpretation of the Terms of Use<\/strong><\/p>\n\n\n\n<p>These Terms of Use are governed by the applicable laws of the Province of Qu\u00e9bec and of Canada. Any dispute arising out of these Terms of Use shall be brought before the courts of Qu\u00e9bec in the judicial district of Montr\u00e9al.&nbsp;&nbsp;<\/p>\n","protected":false},"excerpt":{"rendered":"<p>Consent Welcome to the G\u00e9nome Qu\u00e9bec Website and thank you for taking the time to review our Terms of Use. By accessing the G\u00e9nome Qu\u00e9bec Website, you agree to be&hellip;<\/p>\n","protected":false},"author":1,"featured_media":0,"parent":0,"menu_order":0,"comment_status":"closed","ping_status":"closed","template":"","meta":{"_acf_changed":false,"_relevanssi_hide_post":"","_relevanssi_hide_content":"","_relevanssi_pin_for_all":"","_relevanssi_pin_keywords":"","_relevanssi_unpin_keywords":"","_relevanssi_related_keywords":"","_relevanssi_related_include_ids":"","_relevanssi_related_exclude_ids":"","_relevanssi_related_no_append":"","_relevanssi_related_not_related":"","_relevanssi_related_posts":"27456,16784,16486,16837,16480,16542","_relevanssi_noindex_reason":"","footnotes":""},"class_list":["post-27896","page","type-page","status-publish","hentry"],"acf":[],"_links":{"self":[{"href":"https:\/\/genomequebec.com\/en\/wp-json\/wp\/v2\/pages\/27896","targetHints":{"allow":["GET"]}}],"collection":[{"href":"https:\/\/genomequebec.com\/en\/wp-json\/wp\/v2\/pages"}],"about":[{"href":"https:\/\/genomequebec.com\/en\/wp-json\/wp\/v2\/types\/page"}],"author":[{"embeddable":true,"href":"https:\/\/genomequebec.com\/en\/wp-json\/wp\/v2\/users\/1"}],"replies":[{"embeddable":true,"href":"https:\/\/genomequebec.com\/en\/wp-json\/wp\/v2\/comments?post=27896"}],"version-history":[{"count":2,"href":"https:\/\/genomequebec.com\/en\/wp-json\/wp\/v2\/pages\/27896\/revisions"}],"predecessor-version":[{"id":27898,"href":"https:\/\/genomequebec.com\/en\/wp-json\/wp\/v2\/pages\/27896\/revisions\/27898"}],"wp:attachment":[{"href":"https:\/\/genomequebec.com\/en\/wp-json\/wp\/v2\/media?parent=27896"}],"curies":[{"name":"wp","href":"https:\/\/api.w.org\/{rel}","templated":true}]}}