{"id":26124,"date":"2023-01-31T15:56:05","date_gmt":"2023-01-31T20:56:05","guid":{"rendered":"https:\/\/genomequebec.com\/homepage\/"},"modified":"2026-04-23T10:18:22","modified_gmt":"2026-04-23T14:18:22","slug":"homepage","status":"publish","type":"page","link":"https:\/\/genomequebec.com\/en\/","title":{"rendered":"Homepage"},"content":{"rendered":"\n<div style=\"height:44px\" aria-hidden=\"true\" class=\"wp-block-spacer\"><\/div>\n\n\n\n<div class=\"wp-block-columns is-layout-flex wp-container-core-columns-is-layout-dafab0dc wp-block-columns-is-layout-flex\">\n<div class=\"wp-block-column is-layout-flow wp-block-column-is-layout-flow\" style=\"flex-basis:45%\">\n<h6 class=\"wp-block-heading has-secondary-color has-text-color\">What is\ngenomics?<\/h6>\n\n\n\n<p class=\"has-text-align-left\">Without knowing it, you probably already know a little about genomics. For example, you have probably heard about DNA and genes in the media. You are probably aware that you have inherited many of the traits of your ancestors. These traits are dictated by our genes and organized in our cells in the form of chromosomes. Genomics is all about that and much more!<\/p>\n\n\n\n<div class=\"wp-block-buttons is-layout-flex wp-block-buttons-is-layout-flex\">\n<div class=\"wp-block-button\"><a class=\"wp-block-button__link wp-element-button\" href=\"https:\/\/genomequebec.com\/en\/understand-genomics\/basic-concepts\/\" target=\"_blank\" rel=\"noreferrer noopener\">Read more<\/a><\/div>\n<\/div>\n<\/div>\n\n\n\n<div class=\"wp-block-column is-layout-flow wp-block-column-is-layout-flow\" style=\"flex-basis:55%\">\n<figure class=\"wp-block-video\"><video height=\"720\" style=\"aspect-ratio: 1280 \/ 720;\" width=\"1280\" controls poster=\"https:\/\/genomequebec.com\/wp-content\/uploads\/2023\/05\/Capture-decran-2023-05-01-185845.png\" src=\"https:\/\/genomequebec.com\/wp-content\/uploads\/2023\/05\/When-the-infinitely-small-generates-big-possibilities-2.mp4\"><\/video><\/figure>\n<\/div>\n<\/div>\n\n\n\n<div style=\"height:44px\" aria-hidden=\"true\" class=\"wp-block-spacer\"><\/div>\n\n\n\n<div class=\"wp-block-media-text is-stacked-on-mobile is-image-fill-element 100vw has-electric-grass-gradient-background has-background\" style=\"grid-template-columns:39% auto\"><figure class=\"wp-block-media-text__media\"><img decoding=\"async\" width=\"1920\" height=\"1080\" src=\"https:\/\/genomequebec.com\/wp-content\/uploads\/2025\/04\/2025-03-Codebeluga-FB-Bandeau-Even-1920x1080-1.jpg\" alt=\"\" class=\"wp-image-31025 size-full\" style=\"object-position:50% 50%\"\/><\/figure><div class=\"wp-block-media-text__content\">\n<div class=\"wp-block-group is-layout-constrained wp-block-group-is-layout-constrained\">\n<div style=\"height:35px\" aria-hidden=\"true\" class=\"wp-block-spacer\"><\/div>\n\n\n\n<h5 class=\"wp-block-heading has-text-align-left has-primary-color has-text-color has-link-color wp-elements-f67b0470f77d5787bf27bd8653f6f02f\">code B\u00e9luga: A community science project on the biodiversity of the St. Lawrence River! This project uses eDNA to better understand the Beluga whale and its ecosystem.<\/h5>\n\n\n\n<div class=\"wp-block-buttons is-content-justification-left is-layout-flex wp-container-core-buttons-is-layout-fc4fd283 wp-block-buttons-is-layout-flex\">\n<div class=\"wp-block-button has-custom-width wp-block-button__width-75 is-style-underline\"><a class=\"wp-block-button__link has-large-font-size has-text-align-left has-custom-font-size wp-element-button\" href=\"https:\/\/genomequebec.com\/en\/edna\/code-beluga\/\" target=\"_blank\" rel=\"noreferrer noopener\">Go to page<\/a><\/div>\n<\/div>\n\n\n\n<div style=\"height:15px\" aria-hidden=\"true\" class=\"wp-block-spacer\"><\/div>\n<\/div>\n\n\n\n<div class=\"wp-block-buttons is-content-justification-left is-layout-flex wp-container-core-buttons-is-layout-fc4fd283 wp-block-buttons-is-layout-flex\">\n<div class=\"wp-block-button has-custom-width wp-block-button__width-75 is-style-underline\"><a class=\"wp-block-button__link has-large-font-size has-text-align-left has-custom-font-size wp-element-button\" href=\"https:\/\/genomequebec.com\/en\/edna\/\" target=\"_blank\" rel=\"noreferrer noopener\">Find out more about environmental DNA<\/a><\/div>\n<\/div>\n\n\n\n<div style=\"height:35px\" aria-hidden=\"true\" class=\"wp-block-spacer\"><\/div>\n<\/div><\/div>\n\n\n\n<div style=\"height:36px\" aria-hidden=\"true\" class=\"wp-block-spacer\"><\/div>\n\n\n\n<div class=\"wp-block-columns is-layout-flex wp-container-core-columns-is-layout-28f84493 wp-block-columns-is-layout-flex\">\n<div class=\"wp-block-column is-layout-flow wp-block-column-is-layout-flow\">\n<figure class=\"wp-block-image size-large\"><a href=\"https:\/\/genomequebec.com\/en\/virtual-laboratory\/\"><img decoding=\"async\" width=\"1024\" height=\"576\" src=\"https:\/\/genomequebec.com\/wp-content\/uploads\/2024\/04\/vignette_labvirtuel-1024x576.jpg\" alt=\"laboratoire virtuel - Virtual laboratory\" class=\"wp-image-28867\" srcset=\"https:\/\/genomequebec.com\/wp-content\/uploads\/2024\/04\/vignette_labvirtuel-1024x576.jpg 1024w, https:\/\/genomequebec.com\/wp-content\/uploads\/2024\/04\/vignette_labvirtuel-300x169.jpg 300w, https:\/\/genomequebec.com\/wp-content\/uploads\/2024\/04\/vignette_labvirtuel-768x432.jpg 768w, https:\/\/genomequebec.com\/wp-content\/uploads\/2024\/04\/vignette_labvirtuel-1536x864.jpg 1536w, https:\/\/genomequebec.com\/wp-content\/uploads\/2024\/04\/vignette_labvirtuel.jpg 1920w\" sizes=\"(max-width: 1024px) 100vw, 1024px\" \/><\/a><\/figure>\n<\/div>\n\n\n\n<div class=\"wp-block-column is-vertically-aligned-center is-layout-flow wp-block-column-is-layout-flow\">\n<p>Have you ever visited a genomics laboratory?<\/p>\n\n\n\n<p> For the first time in Canada, G\u00e9nome Qu\u00e9bec is opening the doors of its Centre d&#8217;expertise et de services.<\/p>\n<\/div>\n<\/div>\n\n\n<section class=\"news-block theme-block alignfull\">\n  <div class=\"news-block__heading container\">\n          <\/div>\n  <div class=\"news-block-wrapper swiper\">\n    <div class=\"news-block-inner container swiper-wrapper\">\n              <a class=\"news-block__item swiper-slide\" href=\"https:\/\/genomequebec.com\/en\/news-and-publications\/genome-quebec-and-cihr-institute-of-genetics-invest-nearly-200000-in-research-on-the-delivery-of-genetics-and-genomics-results-in-health-care-settings\/\">\n          <div class=\"post-item__image\">\n            <img decoding=\"async\" width=\"432\" height=\"300\" src=\"https:\/\/genomequebec.com\/wp-content\/uploads\/2026\/04\/Miniature_IRSC_GC_GQ-432x300.png\" class=\"attachment-single-thumbnail size-single-thumbnail wp-post-image\" alt=\"\" \/>          <\/div>\n          <div class=\"news-block__item__small-container\">\n            <div class=\"small-container__top\">\n              <p class=\"news-block__item__date\">\n                21.04.2026              <\/p>\n              <p class=\"news-block__item__title\">G\u00e9nome Qu\u00e9bec and CIHR Institute of Genetics invest nearly $200,000 in research on the delivery of genetics and genomics results in health care settings<\/p>\n              <p class=\"news-block__item__excerpt\">G\u00e9nome Qu\u00e9bec is a proud partner of the Knowledge Synthesis Grant competition of the Canadian Institutes of Health Research (CIHR) focused on \u201cAllied Health and(&#8230;)<\/p>\n            <\/div>\n            <span class=\"news-block__item__readmore\">Read more<\/span>\n          <\/div>\n        <\/a>\n              <a class=\"news-block__item swiper-slide\" href=\"https:\/\/genomequebec.com\/en\/news-and-publications\/25m-to-accelerate-cancer-clinical-trials-a-new-funding-opportunity-to-seize\/\">\n          <div class=\"post-item__image\">\n            <img decoding=\"async\" width=\"432\" height=\"300\" src=\"https:\/\/genomequebec.com\/wp-content\/uploads\/2026\/04\/Miniature-GQ-x-SRC-432x300.png\" class=\"attachment-single-thumbnail size-single-thumbnail wp-post-image\" alt=\"\" \/>          <\/div>\n          <div class=\"news-block__item__small-container\">\n            <div class=\"small-container__top\">\n              <p class=\"news-block__item__date\">\n                22.04.2026              <\/p>\n              <p class=\"news-block__item__title\">$25M to accelerate cancer clinical trials: a new funding opportunity to seize<\/p>\n              <p class=\"news-block__item__excerpt\">A new national program backed by a $25 million investment is opening concrete opportunities to advance investigator-initiated cancer clinical trials across Canada. This initiative represents(&#8230;)<\/p>\n            <\/div>\n            <span class=\"news-block__item__readmore\">Read more<\/span>\n          <\/div>\n        <\/a>\n              <a class=\"news-block__item swiper-slide\" href=\"https:\/\/genomequebec.com\/en\/news-and-publications\/84-million-for-genomics-solutions-in-quebec\/\">\n          <div class=\"post-item__image\">\n            <img decoding=\"async\" width=\"432\" height=\"300\" src=\"https:\/\/genomequebec.com\/wp-content\/uploads\/2026\/03\/GAPP_miniature_EN-1-432x300.jpg\" class=\"attachment-single-thumbnail size-single-thumbnail wp-post-image\" alt=\"\" \/>          <\/div>\n          <div class=\"news-block__item__small-container\">\n            <div class=\"small-container__top\">\n              <p class=\"news-block__item__date\">\n                23.03.2026              <\/p>\n              <p class=\"news-block__item__title\">$8.4 million for genomics solutions in Qu\u00e9bec<\/p>\n              <p class=\"news-block__item__excerpt\">Montr\u00e9al, March 23, 2026 \u2014 G\u00e9nome Qu\u00e9bec is especially proud of the performance of Qu\u00e9bec research teams in Genome Canada\u2019s pan-Canadian competition, Genomics Applications Partnership(&#8230;)<\/p>\n            <\/div>\n            <span class=\"news-block__item__readmore\">Read more<\/span>\n          <\/div>\n        <\/a>\n          <\/div>\n\n    <div class=\"news-block__nav-container container swiper-navigation-wrapper\">\n      <div class=\"news-block__nav-prev swiper-button-prev\"><\/div>\n      <div class=\"news-block__nav-fraction swiper-pagination-fraction\"><\/div>\n      <div class=\"news-block__nav-next swiper-button-next\"><\/div>\n    <\/div>\n\n    <div class=\"news-block__navigation\">\n          <\/div>\n\n  <\/div>\n<\/section>\n\n\n<section class=\"service-slider theme-block alignfull\">\n\n  <div class=\"service-slider__top container\">\n    <div class=\"service-slider__navigation desktop_only\">\n              <h6 class=\"service-slider__suptitle\">Technological services<\/h6>\n            <div class=\"service-slider__navigation__items\">\n                  <a class=\"service-slider__navigation__item\" href=\"https:\/\/genomequebec.com\/en\/technological-services\/centre-dexpertise-et-de-services-2\/extraction\/\">Extraction<\/a>\n                  <a class=\"service-slider__navigation__item\" href=\"https:\/\/genomequebec.com\/en\/technological-services\/centre-dexpertise-et-de-services-2\/sequencing\/\">Sequencing\u00a0<\/a>\n                  <a class=\"service-slider__navigation__item\" href=\"https:\/\/genomequebec.com\/en\/technological-services\/centre-dexpertise-et-de-services-2\/genotyping\/\">Genotyping<\/a>\n                  <a class=\"service-slider__navigation__item\" href=\"https:\/\/genomequebec.com\/en\/technological-services\/centre-dexpertise-et-de-services-2\/gene-expression\/\">Gene Expression<\/a>\n                  <a class=\"service-slider__navigation__item\" href=\"https:\/\/genomequebec.com\/en\/technological-services\/centre-dexpertise-et-de-services-2\/methylation\/\">Methylation<\/a>\n                  <a class=\"service-slider__navigation__item\" href=\"https:\/\/genomequebec.com\/en\/technological-services\/centre-dexpertise-et-de-services-2\/cytogenetics\/\">Cytogenetics<\/a>\n                  <a class=\"service-slider__navigation__item\" href=\"https:\/\/genomequebec.com\/en\/technological-services\/centre-dexpertise-et-de-services-2\/bioinformatics\/\">Bioinformatics<\/a>\n              <\/div>\n    <\/div>\n    \n    <div class=\"service-slider__textintro\">\n              <h6 class=\"service-slider__suptitle mobile_only\">Technological services<\/h6>\n                    <h3 class=\"service-slider__title\">A complete and competitive service offer<\/h3>\n                    <div class=\"service-slider_description\">\n          We offer the expertise, the follow-up and the supervision necessary for the success of your projects.        <\/div>\n            <div class=\"service-slider__navigation__items mobile_only\">\n                  <a class=\"service-slider__navigation__item\" href=\"https:\/\/genomequebec.com\/en\/technological-services\/centre-dexpertise-et-de-services-2\/extraction\/\">Extraction<\/a>\n                  <a class=\"service-slider__navigation__item\" href=\"https:\/\/genomequebec.com\/en\/technological-services\/centre-dexpertise-et-de-services-2\/sequencing\/\">Sequencing\u00a0<\/a>\n                  <a class=\"service-slider__navigation__item\" href=\"https:\/\/genomequebec.com\/en\/technological-services\/centre-dexpertise-et-de-services-2\/genotyping\/\">Genotyping<\/a>\n                  <a class=\"service-slider__navigation__item\" href=\"https:\/\/genomequebec.com\/en\/technological-services\/centre-dexpertise-et-de-services-2\/gene-expression\/\">Gene Expression<\/a>\n                  <a class=\"service-slider__navigation__item\" href=\"https:\/\/genomequebec.com\/en\/technological-services\/centre-dexpertise-et-de-services-2\/methylation\/\">Methylation<\/a>\n                  <a class=\"service-slider__navigation__item\" href=\"https:\/\/genomequebec.com\/en\/technological-services\/centre-dexpertise-et-de-services-2\/cytogenetics\/\">Cytogenetics<\/a>\n                  <a class=\"service-slider__navigation__item\" href=\"https:\/\/genomequebec.com\/en\/technological-services\/centre-dexpertise-et-de-services-2\/bioinformatics\/\">Bioinformatics<\/a>\n              <\/div>\n      <a href=\"https:\/\/genomequebec.com\/en\/technological-services\/\" class=\"btn\">Read more<\/a>    <\/div>\n  <\/div>\n\n  <div class=\"service-slider-wrapper swiper\">\n    <div class=\"service-slider-inner swiper-wrapper\">\n              \n\n  <a class=\"service-item swiper-slide\" href=\"https:\/\/genomequebec.com\/en\/technological-services\/centre-dexpertise-et-de-services-2\/extraction\/\" aria-label=\"Read post &quot;Extraction&quot;\" data-label=\"Extraction\">\n\n          <img decoding=\"async\" width=\"432\" height=\"576\" src=\"https:\/\/genomequebec.com\/wp-content\/uploads\/2023\/02\/iStock-184324352.jpg\" class=\"attachment-intro-card size-intro-card wp-post-image\" alt=\"\" \/>        \n    <div class=\"service-item__info\">\n      <h2 class=\"service-item__title heading-size-4\">Extraction<\/h2>\n          <\/div>\n\n  <\/a>\n              \n\n  <a class=\"service-item swiper-slide\" href=\"https:\/\/genomequebec.com\/en\/technological-services\/centre-dexpertise-et-de-services-2\/sequencing\/\" aria-label=\"Read post &quot;Sequencing\u00a0&quot;\" data-label=\"Sequencing\u00a0\">\n\n          <img decoding=\"async\" width=\"432\" height=\"288\" src=\"https:\/\/genomequebec.com\/wp-content\/uploads\/2023\/02\/iStock-483291233.jpg\" class=\"attachment-intro-card size-intro-card wp-post-image\" alt=\"\" \/>        \n    <div class=\"service-item__info\">\n      <h2 class=\"service-item__title heading-size-4\">Sequencing\u00a0<\/h2>\n          <\/div>\n\n  <\/a>\n              \n\n  <a class=\"service-item swiper-slide\" href=\"https:\/\/genomequebec.com\/en\/technological-services\/centre-dexpertise-et-de-services-2\/genotyping\/\" aria-label=\"Read post &quot;Genotyping&quot;\" data-label=\"Genotyping\">\n\n          <img decoding=\"async\" width=\"432\" height=\"288\" src=\"https:\/\/genomequebec.com\/wp-content\/uploads\/2023\/02\/iStock-872019514.jpg\" class=\"attachment-intro-card size-intro-card wp-post-image\" alt=\"\" \/>        \n    <div class=\"service-item__info\">\n      <h2 class=\"service-item__title heading-size-4\">Genotyping<\/h2>\n          <\/div>\n\n  <\/a>\n              \n\n  <a class=\"service-item swiper-slide\" href=\"https:\/\/genomequebec.com\/en\/technological-services\/centre-dexpertise-et-de-services-2\/gene-expression\/\" aria-label=\"Read post &quot;Gene Expression&quot;\" data-label=\"Gene Expression\">\n\n          <img decoding=\"async\" width=\"390\" height=\"266\" src=\"https:\/\/genomequebec.com\/wp-content\/uploads\/2023\/05\/QuiSommesNous1.jpg\" class=\"attachment-intro-card size-intro-card wp-post-image\" alt=\"\" \/>        \n    <div class=\"service-item__info\">\n      <h2 class=\"service-item__title heading-size-4\">Gene Expression<\/h2>\n          <\/div>\n\n  <\/a>\n              \n\n  <a class=\"service-item swiper-slide\" href=\"https:\/\/genomequebec.com\/en\/technological-services\/centre-dexpertise-et-de-services-2\/methylation\/\" aria-label=\"Read post &quot;Methylation&quot;\" data-label=\"Methylation\">\n\n          <img decoding=\"async\" width=\"432\" height=\"580\" src=\"https:\/\/genomequebec.com\/wp-content\/uploads\/2023\/03\/iStock-926254846-432x580.jpg\" class=\"attachment-intro-card size-intro-card wp-post-image\" alt=\"\" \/>        \n    <div class=\"service-item__info\">\n      <h2 class=\"service-item__title heading-size-4\">Methylation<\/h2>\n          <\/div>\n\n  <\/a>\n              \n\n  <a class=\"service-item swiper-slide\" href=\"https:\/\/genomequebec.com\/en\/technological-services\/centre-dexpertise-et-de-services-2\/cytogenetics\/\" aria-label=\"Read post &quot;Cytogenetics&quot;\" data-label=\"Cytogenetics\">\n\n          <img decoding=\"async\" width=\"432\" height=\"580\" src=\"https:\/\/genomequebec.com\/wp-content\/uploads\/2023\/04\/pexels-thirdman-8940524-432x580.jpg\" class=\"attachment-intro-card size-intro-card wp-post-image\" alt=\"\" \/>        \n    <div class=\"service-item__info\">\n      <h2 class=\"service-item__title heading-size-4\">Cytogenetics<\/h2>\n          <\/div>\n\n  <\/a>\n              \n\n  <a class=\"service-item swiper-slide\" href=\"https:\/\/genomequebec.com\/en\/technological-services\/centre-dexpertise-et-de-services-2\/bioinformatics\/\" aria-label=\"Read post &quot;Bioinformatics&quot;\" data-label=\"Bioinformatics\">\n\n          <img decoding=\"async\" width=\"432\" height=\"324\" src=\"https:\/\/genomequebec.com\/wp-content\/uploads\/2023\/02\/iStock-1334095553.jpg\" class=\"attachment-intro-card size-intro-card wp-post-image\" alt=\"\" \/>        \n    <div class=\"service-item__info\">\n      <h2 class=\"service-item__title heading-size-4\">Bioinformatics<\/h2>\n          <\/div>\n\n  <\/a>\n          <\/div>\n\n    <div class=\"service-slider__nav-container container swiper-navigation-wrapper\">\n      <div class=\"service-slider__nav-prev swiper-button-prev\"><\/div>\n      <div class=\"service-slider__pagination swiper-pagination mobile_only\"><\/div>\n      <div class=\"service-slider__nav-num swiper-pagination-num desktop_only\"><\/div>\n      <div class=\"service-slider__nav-next swiper-button-next\"><\/div>\n    <\/div>\n  <\/div>\n<\/section>\n\n\n<section class=\"projects-block theme-block alignfull\">\n  <div class=\"projects-block__heading container\">\n          <h6 class=\"projects-block__suptitle\">Projects and funding<\/h6>\n        \n    <div class=\"projects-block__heading--right\">\n          <h3 class=\"projects-block__title\">To learn more about funding opportunities<\/h3>\n          <a href=\"https:\/\/genomequebec.com\/en\/funded-projects\/\" class=\"btn\">Discover<\/a>    <\/div>\n  <\/div>\n  <div class=\"projects-block-wrapper swiper\">\n    <div class=\"projects-block-inner container swiper-wrapper\">\n                      <a class=\"projects-block__item swiper-slide\" href=\"https:\/\/genomequebec.com\/en\/funded-projects\/understanding-the-interplay-between-clavibacter-michiganensis-tomato-and-a-biological-control-agent\/\">\n          <div class=\"small-container__top\">\n            <div class=\"post-item__image\">\n              <img decoding=\"async\" width=\"432\" height=\"300\" src=\"https:\/\/genomequebec.com\/wp-content\/uploads\/2023\/06\/Tomates-de-serre-432x300.jpg\" class=\"attachment-single-thumbnail size-single-thumbnail wp-post-image\" alt=\"\" \/>            <\/div>\n            <p class=\"projects-block__item__title\">Understanding the interplay between Clavibacter michiganensis, tomato, and a biological control agent<\/p>\n          <\/div>\n          <div class=\"projects-block__item__bottom\">\n                        <span class=\"projects-block__item__readmore\">Learn more<\/span>\n          <\/div>\n        <\/a>\n                      <a class=\"projects-block__item swiper-slide\" href=\"https:\/\/genomequebec.com\/en\/funded-projects\/a-highly-sensitive-monitoring-tool-for-the-real-time-detection-of-tree-pathogens\/\">\n          <div class=\"small-container__top\">\n            <div class=\"post-item__image\">\n              <img decoding=\"async\" width=\"432\" height=\"300\" src=\"https:\/\/genomequebec.com\/wp-content\/uploads\/2023\/06\/Chene-Fletrissement-432x300.jpg\" class=\"attachment-single-thumbnail size-single-thumbnail wp-post-image\" alt=\"\" \/>            <\/div>\n            <p class=\"projects-block__item__title\">A highly sensitive monitoring tool for the real-time detection of tree pathogens<\/p>\n          <\/div>\n          <div class=\"projects-block__item__bottom\">\n                        <span class=\"projects-block__item__readmore\">Learn more<\/span>\n          <\/div>\n        <\/a>\n                      <a class=\"projects-block__item swiper-slide\" href=\"https:\/\/genomequebec.com\/en\/funded-projects\/roshab-rapid-on-site-detection-of-harmful-algal-blooms\/\">\n          <div class=\"small-container__top\">\n            <div class=\"post-item__image\">\n              <img decoding=\"async\" width=\"260\" height=\"182\" src=\"https:\/\/genomequebec.com\/wp-content\/uploads\/2023\/05\/Contaminants-eau.jpg\" class=\"attachment-single-thumbnail size-single-thumbnail wp-post-image\" alt=\"\" \/>            <\/div>\n            <p class=\"projects-block__item__title\">RosHAB: Rapid on-site detection of harmful algal blooms<\/p>\n          <\/div>\n          <div class=\"projects-block__item__bottom\">\n                        <span class=\"projects-block__item__readmore\">Learn more<\/span>\n          <\/div>\n        <\/a>\n          <\/div>\n\n    <div class=\"projects-block__nav-container container swiper-navigation-wrapper\">\n      <div class=\"projects-block__nav-prev swiper-button-prev\"><\/div>\n      <div class=\"projects-block__nav-fraction swiper-pagination-fraction\"><\/div>\n      <div class=\"projects-block__nav-next swiper-button-next\"><\/div>\n    <\/div>\n\n  <\/div>\n<\/section>\n\n\n\n<div class=\"wp-block-columns is-layout-flex wp-container-core-columns-is-layout-28f84493 wp-block-columns-is-layout-flex\">\n<div class=\"wp-block-column is-layout-flow wp-block-column-is-layout-flow\">\n<h6 class=\"wp-block-heading has-text-align-center has-secondary-color has-text-color\">Tools to learn<\/h6>\n\n\n\n<h2 class=\"wp-block-heading has-text-align-center\">Educational space<\/h2>\n\n\n\n<p class=\"has-text-align-center\">This platform is designed for people who are curious about nature, from 7 to 117 years old!\nIt presents the basic concepts of genetics, as well as introducing the more advanced notions of genomics.<\/p>\n\n\n\n<div class=\"wp-block-buttons is-content-justification-center is-layout-flex wp-container-core-buttons-is-layout-a89b3969 wp-block-buttons-is-layout-flex\">\n<div class=\"wp-block-button\"><a class=\"wp-block-button__link wp-element-button\" href=\"https:\/\/genomequebec.com\/en\/educative-content\/educational-space\/\">Discover the Educational Space<\/a><\/div>\n<\/div>\n<\/div>\n<\/div>\n","protected":false},"excerpt":{"rendered":"<p>What is genomics? Without knowing it, you probably already know a little about genomics. For example, you have probably heard about DNA and genes in the media. You are probably&hellip;<\/p>\n","protected":false},"author":1,"featured_media":678,"parent":0,"menu_order":0,"comment_status":"closed","ping_status":"closed","template":"","meta":{"_acf_changed":false,"_relevanssi_hide_post":"","_relevanssi_hide_content":"","_relevanssi_pin_for_all":"","_relevanssi_pin_keywords":"","_relevanssi_unpin_keywords":"","_relevanssi_related_keywords":"","_relevanssi_related_include_ids":"","_relevanssi_related_exclude_ids":"","_relevanssi_related_no_append":"","_relevanssi_related_not_related":"","_relevanssi_related_posts":"16676,16665,16517,16722,16799,16563","_relevanssi_noindex_reason":"","footnotes":""},"class_list":["post-26124","page","type-page","status-publish","has-post-thumbnail","hentry"],"acf":[],"_links":{"self":[{"href":"https:\/\/genomequebec.com\/en\/wp-json\/wp\/v2\/pages\/26124","targetHints":{"allow":["GET"]}}],"collection":[{"href":"https:\/\/genomequebec.com\/en\/wp-json\/wp\/v2\/pages"}],"about":[{"href":"https:\/\/genomequebec.com\/en\/wp-json\/wp\/v2\/types\/page"}],"author":[{"embeddable":true,"href":"https:\/\/genomequebec.com\/en\/wp-json\/wp\/v2\/users\/1"}],"replies":[{"embeddable":true,"href":"https:\/\/genomequebec.com\/en\/wp-json\/wp\/v2\/comments?post=26124"}],"version-history":[{"count":8,"href":"https:\/\/genomequebec.com\/en\/wp-json\/wp\/v2\/pages\/26124\/revisions"}],"predecessor-version":[{"id":33956,"href":"https:\/\/genomequebec.com\/en\/wp-json\/wp\/v2\/pages\/26124\/revisions\/33956"}],"wp:featuredmedia":[{"embeddable":true,"href":"https:\/\/genomequebec.com\/en\/wp-json\/wp\/v2\/media\/678"}],"wp:attachment":[{"href":"https:\/\/genomequebec.com\/en\/wp-json\/wp\/v2\/media?parent=26124"}],"curies":[{"name":"wp","href":"https:\/\/api.w.org\/{rel}","templated":true}]}}