{"id":24020,"date":"2023-03-23T13:22:11","date_gmt":"2023-03-23T17:22:11","guid":{"rendered":"https:\/\/genomequebec.com\/?page_id=24020"},"modified":"2023-05-18T11:43:49","modified_gmt":"2023-05-18T15:43:49","slug":"genomics-joins-the-fight-against-the-spruce-budworm","status":"publish","type":"page","link":"https:\/\/genomequebec.com\/en\/genomics\/our-sectors\/environment\/forestry\/genomics-joins-the-fight-against-the-spruce-budworm\/","title":{"rendered":"Genomics Joins the Fight Against the Spruce Budworm"},"content":{"rendered":"\n<p><em><strong>Scientist and university professor John MacKay has discovered that spruce have a gene naturally resistant to the budworm, the most destructive insect affecting our forests.<\/strong><\/em><\/p>\n\n\n\n<p>Since Arborea I and II, scientist and university professor John MacKay has been busy sequencing the spruce genome, and his research is paying off! With his team, he has discovered that spruce have a gene naturally resistant to the budworm, the most destructive insect affecting our forests.<\/p>\n\n\n\n<h3 class=\"wp-block-heading\"><strong>Genomics could have answers to forest industry renewal!<\/strong><\/h3>\n\n\n\n<p>The forest industry is undergoing massive transformation. Timber resources \u2013 the raw material of forests \u2013 are dwindling, and replenishing them requires time and patience. In a highly competitive worldmarket, every minute counts. That\u2019s why forest genomics expert John MacKay of Universit\u00e9 Laval, and his team, began searching for innovative ways to ensure the sustainable development of our forests.<\/p>\n\n\n\n<div class=\"wp-block-media-text alignwide has-media-on-the-right is-stacked-on-mobile\" style=\"grid-template-columns:auto 25%\"><div class=\"wp-block-media-text__content\">\n<h3 class=\"wp-block-heading\"><a>THE SPRUCE BUDWORM,<br>SMALL BUT DEVASTATING<\/a><\/h3>\n\n\n\n<p>Every 30 years or so, the spruce budworm attacks the boreal forest. Despite its tiny size (no longer than 20 to 33 mm), this caterpillar has a huge appetite. In just a few years, it can devastate millions of hectares of trees. Its preferred victim is the balsam fir, more specifically its buds. Stunted in their growth, the trees die after only 5 years. The last budworm outbreak (1968-1990) killed approximately 180 million cubic meters of trees and roughly the same through reduced rate of growth.<\/p>\n\n\n\n<p>Source:&nbsp;<a href=\"http:\/\/fr.wikipedia.org\/wiki\/Fichier:Choristoneura_fumiferana_larva.jpg#filelinks\" target=\"_blank\" rel=\"noreferrer noopener\">Jerald E. Dewey, USDA Forest Service, \u00c9tats-Unis<\/a><\/p>\n<\/div><figure class=\"wp-block-media-text__media\"><img decoding=\"async\" width=\"340\" height=\"489\" src=\"https:\/\/genomequebec.com\/wp-content\/uploads\/2023\/03\/epinette4.jpg\" alt=\"\" class=\"wp-image-17567 size-full\" srcset=\"https:\/\/genomequebec.com\/wp-content\/uploads\/2023\/03\/epinette4.jpg 340w, https:\/\/genomequebec.com\/wp-content\/uploads\/2023\/03\/epinette4-209x300.jpg 209w\" sizes=\"(max-width: 340px) 100vw, 340px\" \/><\/figure><\/div>\n\n\n\n<div class=\"wp-block-media-text alignwide is-stacked-on-mobile\" style=\"grid-template-columns:17% auto\"><figure class=\"wp-block-media-text__media\"><img decoding=\"async\" width=\"276\" height=\"408\" src=\"https:\/\/genomequebec.com\/wp-content\/uploads\/2023\/03\/equipe2.jpg\" alt=\"\" class=\"wp-image-17569 size-full\" srcset=\"https:\/\/genomequebec.com\/wp-content\/uploads\/2023\/03\/equipe2.jpg 276w, https:\/\/genomequebec.com\/wp-content\/uploads\/2023\/03\/equipe2-203x300.jpg 203w\" sizes=\"(max-width: 276px) 100vw, 276px\" \/><\/figure><div class=\"wp-block-media-text__content\">\n<h3 class=\"wp-block-heading\">Forest genomics supporting sustainable development<\/h3>\n\n\n\n<p>During the 2000s, John MacKay and his colleague Jean Bousquet, both based in Qu\u00e9bec City, launched Arborea I and II, with the support of G\u00e9nome Qu\u00e9bec. Their goal was to find efficient, sustainable solutions to the problems facing the forest industry. They found answers through genomics.<\/p>\n\n\n\n<p>Genomics is being used to pinpoint the strengths and weaknesses of each species under study. This, in turn, helps to single out the best trees for reforestation and identify the varieties most likely to adapt to new climatic conditions. The data collected make it possible to select the highest performing tree seedlings based on their genes.<\/p>\n\n\n\n<h3 class=\"wp-block-heading\">Forest genomics sowing the seeds of hope<\/h3>\n\n\n\n<p>With the help of genomics, researchers are also discovering never-before-seen characteristics. For instance, by sequencing the genome of spruce \u2013 a tree especially valued for its toughness \u2013 researchers have made an especially encouraging discovery. They have found that spruce possess a gene that make them naturally resistant to budworm, the most devastating insect to coniferous stands in North America. This knowledge raises hope for new ways of fighting this parasite that destroys hundreds of thousands of hectares of trees every year. This important discovery is only one of the preliminary findings to result from the sequenced spruce genome. The study, which was launched in 2011, is being conducted by the SMarTForests team under the leadership of John MacKay and Joerg&nbsp;Bohlmann of the University of British Columbia.<\/p>\n<\/div><\/div>\n\n\n\n<div class=\"wp-block-media-text alignwide has-media-on-the-right is-stacked-on-mobile\" style=\"grid-template-columns:auto 24%\"><div class=\"wp-block-media-text__content\">\n<h3 class=\"wp-block-heading\"><a>PERFORMANCE-DRIVEN<br>RESEARCH<\/a><\/h3>\n\n\n\n<p>Researchers believe that forest genomics has tremendous potential. It can:<\/p>\n\n\n\n<ul class=\"wp-block-list\">\n<li>facilitate intensive, high-yield reforestation in the short term (3 to 5 years);<\/li>\n\n\n\n<li>increase forest regeneration in the medium term (5 to 10 years);<\/li>\n\n\n\n<li>supply the industry with top-performing raw materials (wood quality and quantity) in the long term (10 to 20 years).<\/li>\n<\/ul>\n<\/div><figure class=\"wp-block-media-text__media\"><img decoding=\"async\" width=\"340\" height=\"280\" src=\"https:\/\/genomequebec.com\/wp-content\/uploads\/2023\/05\/foresterie-stats-EN.jpg\" alt=\"\" class=\"wp-image-24021 size-full\" srcset=\"https:\/\/genomequebec.com\/wp-content\/uploads\/2023\/05\/foresterie-stats-EN.jpg 340w, https:\/\/genomequebec.com\/wp-content\/uploads\/2023\/05\/foresterie-stats-EN-300x247.jpg 300w\" sizes=\"(max-width: 340px) 100vw, 340px\" \/><\/figure><\/div>\n","protected":false},"excerpt":{"rendered":"<p>Scientist and university professor John MacKay has discovered that spruce have a gene naturally resistant to the budworm, the most destructive insect affecting our forests. Since Arborea I and II,&hellip;<\/p>\n","protected":false},"author":1,"featured_media":0,"parent":23324,"menu_order":0,"comment_status":"closed","ping_status":"closed","template":"","meta":{"_acf_changed":false,"_relevanssi_hide_post":"","_relevanssi_hide_content":"","_relevanssi_pin_for_all":"","_relevanssi_pin_keywords":"","_relevanssi_unpin_keywords":"","_relevanssi_related_keywords":"","_relevanssi_related_include_ids":"","_relevanssi_related_exclude_ids":"","_relevanssi_related_no_append":"","_relevanssi_related_not_related":"","_relevanssi_related_posts":"","_relevanssi_noindex_reason":"","footnotes":""},"class_list":["post-24020","page","type-page","status-publish","hentry"],"acf":[],"_links":{"self":[{"href":"https:\/\/genomequebec.com\/en\/wp-json\/wp\/v2\/pages\/24020","targetHints":{"allow":["GET"]}}],"collection":[{"href":"https:\/\/genomequebec.com\/en\/wp-json\/wp\/v2\/pages"}],"about":[{"href":"https:\/\/genomequebec.com\/en\/wp-json\/wp\/v2\/types\/page"}],"author":[{"embeddable":true,"href":"https:\/\/genomequebec.com\/en\/wp-json\/wp\/v2\/users\/1"}],"replies":[{"embeddable":true,"href":"https:\/\/genomequebec.com\/en\/wp-json\/wp\/v2\/comments?post=24020"}],"version-history":[{"count":2,"href":"https:\/\/genomequebec.com\/en\/wp-json\/wp\/v2\/pages\/24020\/revisions"}],"predecessor-version":[{"id":24024,"href":"https:\/\/genomequebec.com\/en\/wp-json\/wp\/v2\/pages\/24020\/revisions\/24024"}],"up":[{"embeddable":true,"href":"https:\/\/genomequebec.com\/en\/wp-json\/wp\/v2\/pages\/23324"}],"wp:attachment":[{"href":"https:\/\/genomequebec.com\/en\/wp-json\/wp\/v2\/media?parent=24020"}],"curies":[{"name":"wp","href":"https:\/\/api.w.org\/{rel}","templated":true}]}}