{"id":24013,"date":"2023-03-22T14:42:53","date_gmt":"2023-03-22T18:42:53","guid":{"rendered":"https:\/\/genomequebec.com\/?page_id=24013"},"modified":"2023-05-18T14:07:04","modified_gmt":"2023-05-18T18:07:04","slug":"all-the-capsules","status":"publish","type":"page","link":"https:\/\/genomequebec.com\/en\/genomics\/our-sectors\/health\/all-the-capsules\/","title":{"rendered":"All\u00a0the capsules"},"content":{"rendered":"\n<div class=\"wp-block-media-text alignwide has-media-on-the-right is-stacked-on-mobile\" style=\"grid-template-columns:auto 35%\"><div class=\"wp-block-media-text__content\">\n<p style=\"padding-top:0;padding-right:0;padding-bottom:0;padding-left:0\"><strong>RAPID SCREENING OF MICROBES USING GENOMICS<\/strong><br>Un nouvel outil bas\u00e9 sur des techniques de g\u00e9nomique permettra de d\u00e9pister en 60 minutes la pr\u00e9sence de microbes afin de traiter sans d\u00e9lai les patients infect\u00e9s.<\/p>\n\n\n\n<div class=\"wp-block-buttons is-layout-flex wp-block-buttons-is-layout-flex\">\n<div class=\"wp-block-button\"><a class=\"wp-block-button__link wp-element-button\" href=\"https:\/\/www.genomequebec.com\/48-health-capsule-rapid-screening-of-microbes-using-genomics\/\"><strong>VIEW THE INFORMATION CAPSULE<\/strong><\/a><\/div>\n<\/div>\n<\/div><figure class=\"wp-block-media-text__media\"><img decoding=\"async\" width=\"480\" height=\"320\" src=\"https:\/\/genomequebec.com\/wp-content\/uploads\/2023\/03\/48_v_Depister_rapidement_les_microbes_grace_a_la_genomique.jpg\" alt=\"\" class=\"wp-image-17385 size-full\" srcset=\"https:\/\/genomequebec.com\/wp-content\/uploads\/2023\/03\/48_v_Depister_rapidement_les_microbes_grace_a_la_genomique.jpg 480w, https:\/\/genomequebec.com\/wp-content\/uploads\/2023\/03\/48_v_Depister_rapidement_les_microbes_grace_a_la_genomique-300x200.jpg 300w\" sizes=\"(max-width: 480px) 100vw, 480px\" \/><\/figure><\/div>\n\n\n\n<div class=\"wp-block-media-text alignwide has-media-on-the-right is-stacked-on-mobile\" style=\"grid-template-columns:auto 35%\"><div class=\"wp-block-media-text__content\">\n<p><strong>HIV NO LONGER SLIPPING UNDER THE RADAR<\/strong><br>HIV is resistant, but one day resistance will be futile.<\/p>\n\n\n\n<div class=\"wp-block-buttons is-layout-flex wp-block-buttons-is-layout-flex\">\n<div class=\"wp-block-button\"><a class=\"wp-block-button__link wp-element-button\" href=\"https:\/\/www.genomequebec.com\/46-health-capsule-hiv-no-longer-slipping-under-the-radar\/\"><strong>VIEW THE INFORMATION CAPSULE<\/strong><\/a><\/div>\n<\/div>\n<\/div><figure class=\"wp-block-media-text__media\"><img decoding=\"async\" width=\"480\" height=\"320\" src=\"https:\/\/genomequebec.com\/wp-content\/uploads\/2023\/03\/46_v_Pour_que_le_VIH_ne_passe_plus_sous_le_radar.jpg\" alt=\"\" class=\"wp-image-17389 size-full\" srcset=\"https:\/\/genomequebec.com\/wp-content\/uploads\/2023\/03\/46_v_Pour_que_le_VIH_ne_passe_plus_sous_le_radar.jpg 480w, https:\/\/genomequebec.com\/wp-content\/uploads\/2023\/03\/46_v_Pour_que_le_VIH_ne_passe_plus_sous_le_radar-300x200.jpg 300w\" sizes=\"(max-width: 480px) 100vw, 480px\" \/><\/figure><\/div>\n\n\n\n<div class=\"wp-block-media-text alignwide has-media-on-the-right is-stacked-on-mobile\" style=\"grid-template-columns:auto 35%\"><div class=\"wp-block-media-text__content\">\n<p><strong>AN ACCURATE, RISK-FREE TEST FOR TRISOMY<\/strong><br>A new genomic test has just been added to the public prenatal screening program<\/p>\n\n\n\n<div class=\"wp-block-buttons is-layout-flex wp-block-buttons-is-layout-flex\">\n<div class=\"wp-block-button\"><a class=\"wp-block-button__link wp-element-button\" href=\"https:\/\/www.genomequebec.com\/45-health-capsule-an-accurate-risk-free-test-for-trisomy\/\"><strong>VIEW THE INFORMATION CAPSULE<\/strong><\/a><\/div>\n<\/div>\n<\/div><figure class=\"wp-block-media-text__media\"><img decoding=\"async\" width=\"480\" height=\"320\" src=\"https:\/\/genomequebec.com\/wp-content\/uploads\/2023\/03\/45_v_Detecter_la_trisomie_sans_risque_et_avec_precision.jpg\" alt=\"\" class=\"wp-image-17391 size-full\" srcset=\"https:\/\/genomequebec.com\/wp-content\/uploads\/2023\/03\/45_v_Detecter_la_trisomie_sans_risque_et_avec_precision.jpg 480w, https:\/\/genomequebec.com\/wp-content\/uploads\/2023\/03\/45_v_Detecter_la_trisomie_sans_risque_et_avec_precision-300x200.jpg 300w\" sizes=\"(max-width: 480px) 100vw, 480px\" \/><\/figure><\/div>\n\n\n\n<div class=\"wp-block-media-text alignwide has-media-on-the-right is-stacked-on-mobile\" style=\"grid-template-columns:auto 35%\"><div class=\"wp-block-media-text__content\">\n<p><strong>DEMYSTIFYING PEDIATRIC BRAIN CANCER<\/strong><br>By probing the DNA of brain tumours, a Qu\u00e9bec researcher is hoping to find a way to increase the survival rate of children suffering from aggressive forms of brain cancer.<\/p>\n\n\n\n<div class=\"wp-block-buttons is-layout-flex wp-block-buttons-is-layout-flex\">\n<div class=\"wp-block-button\"><a class=\"wp-block-button__link wp-element-button\" href=\"https:\/\/www.genomequebec.com\/42-health-capsule-demystifying-pediatric-brain-cancer\/\"><strong>&nbsp;VIEW THE INFORMATION CAPSULE<\/strong><\/a><\/div>\n<\/div>\n<\/div><figure class=\"wp-block-media-text__media\"><img decoding=\"async\" width=\"480\" height=\"320\" src=\"https:\/\/genomequebec.com\/wp-content\/uploads\/2023\/03\/42_v_Demystifier_le_cancer_du_cerveau_chez_lenfant.jpg\" alt=\"\" class=\"wp-image-17394 size-full\" srcset=\"https:\/\/genomequebec.com\/wp-content\/uploads\/2023\/03\/42_v_Demystifier_le_cancer_du_cerveau_chez_lenfant.jpg 480w, https:\/\/genomequebec.com\/wp-content\/uploads\/2023\/03\/42_v_Demystifier_le_cancer_du_cerveau_chez_lenfant-300x200.jpg 300w\" sizes=\"(max-width: 480px) 100vw, 480px\" \/><\/figure><\/div>\n\n\n\n<div class=\"wp-block-media-text alignwide has-media-on-the-right is-stacked-on-mobile\" style=\"grid-template-columns:auto 35%\"><div class=\"wp-block-media-text__content\">\n<p><strong>MOVING TOWARDS PERSONALIZED BREAST CANCER SCREENING<\/strong><br>Personalized breast cancer screening, based on a person\u2019s genome, would help doctors identify ten times more women at high risk for the disease.<\/p>\n\n\n\n<div class=\"wp-block-buttons is-layout-flex wp-block-buttons-is-layout-flex\">\n<div class=\"wp-block-button\"><a class=\"wp-block-button__link wp-element-button\" href=\"https:\/\/www.genomequebec.com\/43-health-capsule-moving-towards-personalized-breast-cancer-screening\/\"><strong>&nbsp;VIEW THE INFORMATION CAPSULE<\/strong><\/a><\/div>\n<\/div>\n<\/div><figure class=\"wp-block-media-text__media\"><img decoding=\"async\" width=\"480\" height=\"320\" src=\"https:\/\/genomequebec.com\/wp-content\/uploads\/2023\/03\/43_v_Vers_un_depistage_personnalise_du_cancer_du_sein.jpg\" alt=\"\" class=\"wp-image-17396 size-full\" srcset=\"https:\/\/genomequebec.com\/wp-content\/uploads\/2023\/03\/43_v_Vers_un_depistage_personnalise_du_cancer_du_sein.jpg 480w, https:\/\/genomequebec.com\/wp-content\/uploads\/2023\/03\/43_v_Vers_un_depistage_personnalise_du_cancer_du_sein-300x200.jpg 300w\" sizes=\"(max-width: 480px) 100vw, 480px\" \/><\/figure><\/div>\n\n\n\n<div class=\"wp-block-media-text alignwide has-media-on-the-right is-stacked-on-mobile\" style=\"grid-template-columns:auto 35%\"><div class=\"wp-block-media-text__content\">\n<p><strong>NEW WEAPONS TO FIGHT BONE MARROW CANCER<\/strong><br>Bone marrow cancer is a battle too many people still face. To outsmart the disease, Qu\u00e9bec researchers are looking at genetic anomalies associated with its various forms and studying the defective (\u2026)<\/p>\n\n\n\n<div class=\"wp-block-buttons is-layout-flex wp-block-buttons-is-layout-flex\">\n<div class=\"wp-block-button\"><a class=\"wp-block-button__link wp-element-button\" href=\"https:\/\/www.genomequebec.com\/41-health-capsule-new-weapons-to-fight-bone-marrow-cancer\/\"><strong>&nbsp;VIEW THE INFORMATION CAPSULE<\/strong><\/a><\/div>\n<\/div>\n<\/div><figure class=\"wp-block-media-text__media\"><img decoding=\"async\" width=\"480\" height=\"320\" src=\"https:\/\/genomequebec.com\/wp-content\/uploads\/2023\/03\/41_v_De_nouvelles_armes_contre_le_cancer_de_la_moelle_osseuse.jpg\" alt=\"\" class=\"wp-image-17398 size-full\" srcset=\"https:\/\/genomequebec.com\/wp-content\/uploads\/2023\/03\/41_v_De_nouvelles_armes_contre_le_cancer_de_la_moelle_osseuse.jpg 480w, https:\/\/genomequebec.com\/wp-content\/uploads\/2023\/03\/41_v_De_nouvelles_armes_contre_le_cancer_de_la_moelle_osseuse-300x200.jpg 300w\" sizes=\"(max-width: 480px) 100vw, 480px\" \/><\/figure><\/div>\n\n\n\n<div class=\"wp-block-media-text alignwide has-media-on-the-right is-stacked-on-mobile\" style=\"grid-template-columns:auto 35%\"><div class=\"wp-block-media-text__content\">\n<p><strong>POSTAL CODES IN OUR CELLS<\/strong><br>Cells are extremely small. And yet they are every bit as complex as a major modern city, each with its specialized districts and transportation routes, along which travel proteins, nutrients, bits (\u2026)<\/p>\n\n\n\n<div class=\"wp-block-buttons is-layout-flex wp-block-buttons-is-layout-flex\">\n<div class=\"wp-block-button\"><a class=\"wp-block-button__link wp-element-button\" href=\"https:\/\/www.genomequebec.com\/36-health-capsule-postal-codes-in-our-cells\/\"><strong>VIEW THE INFORMATION CAPSULE<\/strong><\/a><\/div>\n<\/div>\n<\/div><figure class=\"wp-block-media-text__media\"><img decoding=\"async\" width=\"480\" height=\"320\" src=\"https:\/\/genomequebec.com\/wp-content\/uploads\/2023\/03\/36_v_Des_codes_postaux_dans_nos_cellules.jpg\" alt=\"\" class=\"wp-image-17400 size-full\" srcset=\"https:\/\/genomequebec.com\/wp-content\/uploads\/2023\/03\/36_v_Des_codes_postaux_dans_nos_cellules.jpg 480w, https:\/\/genomequebec.com\/wp-content\/uploads\/2023\/03\/36_v_Des_codes_postaux_dans_nos_cellules-300x200.jpg 300w\" sizes=\"(max-width: 480px) 100vw, 480px\" \/><\/figure><\/div>\n\n\n\n<div class=\"wp-block-media-text alignwide has-media-on-the-right is-stacked-on-mobile\" style=\"grid-template-columns:auto 35%\"><div class=\"wp-block-media-text__content\">\n<p><strong>WORKING FOR THE PREVENTION OF LACTIC ACIDOSIS<\/strong><br>Thanks to genomics, it is now possible to detect and prevent this disease.<strong> &nbsp;<\/strong><\/p>\n\n\n\n<div class=\"wp-block-buttons is-layout-flex wp-block-buttons-is-layout-flex\">\n<div class=\"wp-block-button\"><a class=\"wp-block-button__link wp-element-button\" href=\"https:\/\/www.genomequebec.com\/11-health-capsule-working-for-the-prevention-of-lactic-acidosis\/\"><strong>VIEW THE INFORMATION CAPSULE<\/strong><\/a><\/div>\n<\/div>\n<\/div><figure class=\"wp-block-media-text__media\"><img decoding=\"async\" width=\"480\" height=\"320\" src=\"https:\/\/genomequebec.com\/wp-content\/uploads\/2023\/03\/11_v_Lacidose_lactique___sur_le_chemin_de_la_prevention.jpg\" alt=\"\" class=\"wp-image-17403 size-full\" srcset=\"https:\/\/genomequebec.com\/wp-content\/uploads\/2023\/03\/11_v_Lacidose_lactique___sur_le_chemin_de_la_prevention.jpg 480w, https:\/\/genomequebec.com\/wp-content\/uploads\/2023\/03\/11_v_Lacidose_lactique___sur_le_chemin_de_la_prevention-300x200.jpg 300w\" sizes=\"(max-width: 480px) 100vw, 480px\" \/><\/figure><\/div>\n","protected":false},"excerpt":{"rendered":"","protected":false},"author":1,"featured_media":0,"parent":23293,"menu_order":0,"comment_status":"closed","ping_status":"closed","template":"","meta":{"_acf_changed":false,"_relevanssi_hide_post":"","_relevanssi_hide_content":"","_relevanssi_pin_for_all":"","_relevanssi_pin_keywords":"","_relevanssi_unpin_keywords":"","_relevanssi_related_keywords":"","_relevanssi_related_include_ids":"","_relevanssi_related_exclude_ids":"","_relevanssi_related_no_append":"","_relevanssi_related_not_related":"","_relevanssi_related_posts":"16718,16486,16106,16013,15164,16551","_relevanssi_noindex_reason":"","footnotes":""},"class_list":["post-24013","page","type-page","status-publish","hentry"],"acf":[],"_links":{"self":[{"href":"https:\/\/genomequebec.com\/en\/wp-json\/wp\/v2\/pages\/24013","targetHints":{"allow":["GET"]}}],"collection":[{"href":"https:\/\/genomequebec.com\/en\/wp-json\/wp\/v2\/pages"}],"about":[{"href":"https:\/\/genomequebec.com\/en\/wp-json\/wp\/v2\/types\/page"}],"author":[{"embeddable":true,"href":"https:\/\/genomequebec.com\/en\/wp-json\/wp\/v2\/users\/1"}],"replies":[{"embeddable":true,"href":"https:\/\/genomequebec.com\/en\/wp-json\/wp\/v2\/comments?post=24013"}],"version-history":[{"count":4,"href":"https:\/\/genomequebec.com\/en\/wp-json\/wp\/v2\/pages\/24013\/revisions"}],"predecessor-version":[{"id":24061,"href":"https:\/\/genomequebec.com\/en\/wp-json\/wp\/v2\/pages\/24013\/revisions\/24061"}],"up":[{"embeddable":true,"href":"https:\/\/genomequebec.com\/en\/wp-json\/wp\/v2\/pages\/23293"}],"wp:attachment":[{"href":"https:\/\/genomequebec.com\/en\/wp-json\/wp\/v2\/media?parent=24013"}],"curies":[{"name":"wp","href":"https:\/\/api.w.org\/{rel}","templated":true}]}}