{"id":24008,"date":"2023-03-23T14:01:16","date_gmt":"2023-03-23T18:01:16","guid":{"rendered":"https:\/\/genomequebec.com\/?page_id=24008"},"modified":"2023-05-18T11:05:48","modified_gmt":"2023-05-18T15:05:48","slug":"fighting-blue-green-algae-invasions-one-genome-at-a-time","status":"publish","type":"page","link":"https:\/\/genomequebec.com\/en\/genomics\/our-sectors\/environment\/fighting-blue-green-algae-invasions-one-genome-at-a-time\/","title":{"rendered":"Fighting blue-green algae invasions, one genome at a time!"},"content":{"rendered":"\n<p><em><strong>It\u2019s blue-green algae! In a lake, it may look like broccoli soup, but you certainly don\u2019t want to ingest it.<\/strong><\/em><\/p>\n\n\n\n<div class=\"wp-block-media-text alignwide is-stacked-on-mobile\" style=\"grid-template-columns:19% auto\"><figure class=\"wp-block-media-text__media\"><img decoding=\"async\" width=\"200\" height=\"200\" src=\"https:\/\/genomequebec.com\/wp-content\/uploads\/2023\/03\/Lac-1-200x200-1.jpg\" alt=\"\" class=\"wp-image-17611 size-full\" srcset=\"https:\/\/genomequebec.com\/wp-content\/uploads\/2023\/03\/Lac-1-200x200-1.jpg 200w, https:\/\/genomequebec.com\/wp-content\/uploads\/2023\/03\/Lac-1-200x200-1-150x150.jpg 150w\" sizes=\"(max-width: 200px) 100vw, 200px\" \/><\/figure><div class=\"wp-block-media-text__content\">\n<p>When blue-green algae \u2013 known scientifically as cyanobacteria \u2013 begin to proliferate (or bloom) in a body of water, the problem can quickly become a nightmare for city officials. Invisible to the naked eye, these tiny single-cell organisms have the annoying habit of producing, under certain conditions,&nbsp;toxins \u2013 called cyanotoxins \u2013 that build up in water. In large quantities, blue-green algae blooms can be dangerous: they can cause intoxications or death if ingested or skin problems when swimming in water where they are present. They are a threat to humans, but also to livestock, fish and wildlife.<\/p>\n\n\n\n<p><br>\u201cBut it\u2019s not always the case, since not all cyanobacteria are created equal,\u201d explains S\u00e9bastien Sauv\u00e9. \u201cThe term refers to approximately one hundred different strains with varying levels of toxicity. Half of them are still relatively unknown.&nbsp;\u201c<\/p>\n\n\n\n<p><br>S\u00e9bastien Sauv\u00e9, a professor of environmental analytical chemistry at Universit\u00e9 de Montr\u00e9al, knows these little organisms well. He is the lead investigator of ATRAPP (Algal Blooms, Treatment, Risk Assessment, Prediction and Prevention Through Genomics), a research initiative focused on better understanding cyanobacteria, their identification and their modes of reproduction.&nbsp;<\/p>\n\n\n\n<p><br>Cyanobacteria live in all bodies of water around the world in concentrations that are generally too low to cause problems. When they start to proliferate at a rapid pace, however, they create a greenish scum on the surface of the water (hence its name). This can occur when water temperatures rise and\/or phosphate levels from agriculture or poorly treated wastewater increase, creating the perfect breeding ground for cyanobacteria. Water with over 20,000 cyanobacteria per millilitre is considered unfit for human consumption.<\/p>\n\n\n\n<p><br>But when there\u2019s a bloom, how can we tell which cyanobacteria are involved? At the moment, we can\u2019t. When in doubt, city officials generally do not take any chances and bring out the heavy artillery: no swimming, no drinking, alternate water supply, very expensive processes to treat the drinking water. These measures come with a hefty price tag. In the United States alone, problems due to cyanobacteria cost $825 million annually.<\/p>\n<\/div><\/div>\n\n\n\n<div class=\"wp-block-media-text alignwide has-media-on-the-right is-stacked-on-mobile\" style=\"grid-template-columns:auto 24%\"><div class=\"wp-block-media-text__content\">\n<p>ATRAPP will provide city officials with solutions. Researchers are looking to trace the genetic code of cyanobacteria in order to document their specific features. Which genes are correlated with the production of toxins? How are they expressed before and during blooms? Under what conditions?<\/p>\n\n\n\n<p><br>The results will help researchers determine new biological markers &#8211; or ID cards &#8211; to quickly test water and identify the strain or strains of cyanobacteria involved. Ultimately, they hope to provide cities with a chemistry and genomics toolkit that can rapidly determine the risks of toxicity and facilitate the prevention of treatment of harmful algal blooms.<\/p>\n\n\n\n<p><br>Concretely, this would mean being able to take a sample, run a test and, within a few hours, know exactly which strain of algae is present and be able to decide whether or not major treatment measures are warranted.<\/p>\n\n\n\n<p><br>In the long run, ATRAPP will also propose new cost-effective ways to intervene when blooms occur and affordable long-term prevention measures, since in life, as with algae, prevention is worth a pound of cure.<\/p>\n<\/div><figure class=\"wp-block-media-text__media\"><img decoding=\"async\" width=\"260\" height=\"182\" src=\"https:\/\/genomequebec.com\/wp-content\/uploads\/2023\/03\/Contaminants-eau.jpg\" alt=\"\" class=\"wp-image-17613 size-full\"\/><\/figure><\/div>\n\n\n\n<figure class=\"wp-block-image\"><img decoding=\"async\" src=\"https:\/\/www.genomequebec.com\/DATA\/TEXTEDOC\/ATRAPP-logo-petit.jpeg\" alt=\"Atr\"\/><\/figure>\n\n\n\n<p><a rel=\"noreferrer noopener\" href=\"http:\/\/instituteddec.org\/projets-majeurs\/atrapp\/\" target=\"_blank\">To visit ATRAPP&#8217;s website (in French only)<\/a><\/p>\n\n\n\n<p><a href=\"https:\/\/www.genomequebec.com\/1297-investigator\/sebastien-sauve\/\"><\/a><\/p>\n","protected":false},"excerpt":{"rendered":"<p>It\u2019s blue-green algae! In a lake, it may look like broccoli soup, but you certainly don\u2019t want to ingest it. When blue-green algae \u2013 known scientifically as cyanobacteria \u2013 begin&hellip;<\/p>\n","protected":false},"author":1,"featured_media":0,"parent":23318,"menu_order":0,"comment_status":"closed","ping_status":"closed","template":"","meta":{"_acf_changed":false,"_relevanssi_hide_post":"","_relevanssi_hide_content":"","_relevanssi_pin_for_all":"","_relevanssi_pin_keywords":"","_relevanssi_unpin_keywords":"","_relevanssi_related_keywords":"","_relevanssi_related_include_ids":"","_relevanssi_related_exclude_ids":"","_relevanssi_related_no_append":"","_relevanssi_related_not_related":"","_relevanssi_related_posts":"","_relevanssi_noindex_reason":"","footnotes":""},"class_list":["post-24008","page","type-page","status-publish","hentry"],"acf":[],"_links":{"self":[{"href":"https:\/\/genomequebec.com\/en\/wp-json\/wp\/v2\/pages\/24008","targetHints":{"allow":["GET"]}}],"collection":[{"href":"https:\/\/genomequebec.com\/en\/wp-json\/wp\/v2\/pages"}],"about":[{"href":"https:\/\/genomequebec.com\/en\/wp-json\/wp\/v2\/types\/page"}],"author":[{"embeddable":true,"href":"https:\/\/genomequebec.com\/en\/wp-json\/wp\/v2\/users\/1"}],"replies":[{"embeddable":true,"href":"https:\/\/genomequebec.com\/en\/wp-json\/wp\/v2\/comments?post=24008"}],"version-history":[{"count":1,"href":"https:\/\/genomequebec.com\/en\/wp-json\/wp\/v2\/pages\/24008\/revisions"}],"predecessor-version":[{"id":24009,"href":"https:\/\/genomequebec.com\/en\/wp-json\/wp\/v2\/pages\/24008\/revisions\/24009"}],"up":[{"embeddable":true,"href":"https:\/\/genomequebec.com\/en\/wp-json\/wp\/v2\/pages\/23318"}],"wp:attachment":[{"href":"https:\/\/genomequebec.com\/en\/wp-json\/wp\/v2\/media?parent=24008"}],"curies":[{"name":"wp","href":"https:\/\/api.w.org\/{rel}","templated":true}]}}