{"id":23982,"date":"2023-03-22T15:04:29","date_gmt":"2023-03-22T19:04:29","guid":{"rendered":"https:\/\/genomequebec.com\/?page_id=23982"},"modified":"2023-05-18T10:17:22","modified_gmt":"2023-05-18T14:17:22","slug":"23982-2","status":"publish","type":"page","link":"https:\/\/genomequebec.com\/en\/genomics\/our-sectors\/health\/23982-2\/","title":{"rendered":"An accurate, risk-free test for trisomy"},"content":{"rendered":"\n<p><strong><em>A new genomic test has just been added to the public prenatal screening program.&nbsp;Due to its high accuracy, this simple test will help reduce by 90% the number of amniocenteses performed on pregnant women most at risk for carrying a fetus with trisomy.&nbsp;<\/em><\/strong><\/p>\n\n\n\n<p>Following in the footsteps of Ontario and British Columbia, the Government of Qu\u00e9bec announced in April 2018 that it will add a genomic test to its prenatal screening program for trisomy 21 \u2013 or Down syndrome \u2013 for pregnant women most at risk. The test has existed for a few years now, but was not yet covered by the public health system.<\/p>\n\n\n\n<div class=\"wp-block-media-text alignwide is-stacked-on-mobile\" style=\"grid-template-columns:16% auto\"><figure class=\"wp-block-media-text__media\"><img decoding=\"async\" width=\"418\" height=\"600\" src=\"https:\/\/genomequebec.com\/wp-content\/uploads\/2023\/03\/Rousseau-capsule.jpg\" alt=\"\" class=\"wp-image-17431 size-full\" srcset=\"https:\/\/genomequebec.com\/wp-content\/uploads\/2023\/03\/Rousseau-capsule.jpg 418w, https:\/\/genomequebec.com\/wp-content\/uploads\/2023\/03\/Rousseau-capsule-209x300.jpg 209w\" sizes=\"(max-width: 418px) 100vw, 418px\" \/><\/figure><div class=\"wp-block-media-text__content\">\n<p>This decision was based in large part on findings of the pan-Canadian PEGASUS study, spearheaded by Fran\u00e7ois&nbsp;Rousseau, medical researcher at the Centre hospitalier universitaire de Qu\u00e9bec-Universit\u00e9 Laval Research Centre and at the Faculty of Medicine at Universit\u00e9 Laval, and Sylvie Langlois, medical researcher at the Department of Medical&nbsp;Genetics at the University of British Columbia. Policymakers expect the test to reduce by 90% the number of amniocenteses.<\/p>\n\n\n\n<p><br><strong>Analyzing chromosomes in the mother\u2019s blood<br><\/strong><\/p>\n\n\n\n<p>The two researchers conducted a study among 4,000 women and confirmed that they could detect 99% cases of Down syndrome by using a genomic test to analyze the blood of the mother, which mixes with the blood of the fetus during pregnancy. The standard test analyzes hormones and proteins and only identifies 85% of cases.<\/p>\n<\/div><\/div>\n\n\n\n<p>The genomic test involves sequencing 7 million fragments of DNA containing maternal blood to analyze fragments on chromosomes 13, 18 and 21. These chromosomes are the ones involved in trisomy. Children with trisomy have three, rather than two copies of one of these chromosomes. By counting the number of fragments from each chromosome, some of which come from the placenta, it is possible to detect the extra chromosomes. These indicate the presence of trisomy. In such a case, the mother is then advised to undergo an amniocentesis to confirm the diagnosis.<\/p>\n\n\n\n<div class=\"wp-block-media-text alignwide is-stacked-on-mobile\" style=\"grid-template-columns:16% auto\"><figure class=\"wp-block-media-text__media\"><img decoding=\"async\" width=\"462\" height=\"308\" src=\"https:\/\/genomequebec.com\/wp-content\/uploads\/2023\/03\/Enceinte-reduit.jpg\" alt=\"\" class=\"wp-image-17433 size-full\" srcset=\"https:\/\/genomequebec.com\/wp-content\/uploads\/2023\/03\/Enceinte-reduit.jpg 462w, https:\/\/genomequebec.com\/wp-content\/uploads\/2023\/03\/Enceinte-reduit-300x200.jpg 300w\" sizes=\"(max-width: 462px) 100vw, 462px\" \/><\/figure><div class=\"wp-block-media-text__content\">\n<p><strong>Focusing on women at risk<br><br><\/strong>\u201cQu\u00e9bec has chosen to offer this genomic test only to women who, based on the standard test, show an elevated risk of having a baby with trisomy,\u201d explains Dr. Fran\u00e7ois Rousseau. Currently, 2,600 women test positive for this elevated risk every year after undergoing the two standards blood tests taken in the 1<sup>st<\/sup>&nbsp;and 2<sup>nd<\/sup>&nbsp;trimesters. By April 2019, before sending these moms-to-be directly to an amniocentesis, they will be offered the publicly funded genomic test to confirm whether their baby is, in fact, at a high risk for trisomy.<\/p>\n\n\n\n<p>\u201cThe genomic test is not intended to replace amniocentesis, which is still the only way to diagnose with 100% certainty cases of trisomy 13, 18 or 21 using a sample of amniotic fluid. The idea is to limit its use to high-risk cases,\u201d notes Dr. Rousseau. He estimates that we could go from 2,600 amniocenteses a year to only 260. Currently, some 2,340 women needlessly face the stress of an amniocentesis. Of this number, 8 lose their baby due to complications associated with this invasive technique.<\/p>\n<\/div><\/div>\n\n\n\n<p><strong>Testing all pregnant women?<br><\/strong><\/p>\n\n\n\n<p>Given the advantages of genomic screening, many experts believe it could become the method of choice for the detection of trisomy. Fran\u00e7ois Rousseau and his team are convinced. As part of the PEGASUS 2 project, they will be documenting probative data on the advantages and disadvantages of replacing conventional blood tests with genomic screening for all pregnant women.<\/p>\n\n\n\n<p><br>With conventional testing, only one in 20 positive results ends up being accurate. So could the genomic test help to reduce the stress that often comes with the traditional method? \u201cWe are conducting a randomized clinical trial among 10,000 pregnant women to determine if genomic testing will lead to a faster, more accurate diagnosis and whether it will reduce the level of stress of moms-to-be,\u201d explains Dr. Rousseau.<\/p>\n\n\n\n<p><br>The researcher and his colleagues also want to assess the costs and benefits of screening for other chromosome anomalies in fetuses using the genomic test.&nbsp; \u201cMany detectable anomalies have no real impact, so it may not be a detail worth sharing with parents-to-be,\u201d he notes.<\/p>\n\n\n\n<p><br>Finally, in order to train doctors and support couples who choose to undergo the genomic test, Dr. Rousseau and his team will study how to implement, on a large scale, the shared decision-making tools developed during PEGASUS 1.&nbsp; In the end, what\u2019s important for the researcher and his team is to be able to inform women of their screening options for trisomy so that each of them can make her own decision based on her personal values.<\/p>\n","protected":false},"excerpt":{"rendered":"<p>A new genomic test has just been added to the public prenatal screening program.&nbsp;Due to its high accuracy, this simple test will help reduce by 90% the number of amniocenteses&hellip;<\/p>\n","protected":false},"author":1,"featured_media":0,"parent":23293,"menu_order":0,"comment_status":"closed","ping_status":"closed","template":"","meta":{"_acf_changed":false,"_relevanssi_hide_post":"","_relevanssi_hide_content":"","_relevanssi_pin_for_all":"","_relevanssi_pin_keywords":"","_relevanssi_unpin_keywords":"","_relevanssi_related_keywords":"","_relevanssi_related_include_ids":"","_relevanssi_related_exclude_ids":"","_relevanssi_related_no_append":"","_relevanssi_related_not_related":"","_relevanssi_related_posts":"16568,16672,15827,16755,16565,16729","_relevanssi_noindex_reason":"","footnotes":""},"class_list":["post-23982","page","type-page","status-publish","hentry"],"acf":[],"_links":{"self":[{"href":"https:\/\/genomequebec.com\/en\/wp-json\/wp\/v2\/pages\/23982","targetHints":{"allow":["GET"]}}],"collection":[{"href":"https:\/\/genomequebec.com\/en\/wp-json\/wp\/v2\/pages"}],"about":[{"href":"https:\/\/genomequebec.com\/en\/wp-json\/wp\/v2\/types\/page"}],"author":[{"embeddable":true,"href":"https:\/\/genomequebec.com\/en\/wp-json\/wp\/v2\/users\/1"}],"replies":[{"embeddable":true,"href":"https:\/\/genomequebec.com\/en\/wp-json\/wp\/v2\/comments?post=23982"}],"version-history":[{"count":2,"href":"https:\/\/genomequebec.com\/en\/wp-json\/wp\/v2\/pages\/23982\/revisions"}],"predecessor-version":[{"id":23985,"href":"https:\/\/genomequebec.com\/en\/wp-json\/wp\/v2\/pages\/23982\/revisions\/23985"}],"up":[{"embeddable":true,"href":"https:\/\/genomequebec.com\/en\/wp-json\/wp\/v2\/pages\/23293"}],"wp:attachment":[{"href":"https:\/\/genomequebec.com\/en\/wp-json\/wp\/v2\/media?parent=23982"}],"curies":[{"name":"wp","href":"https:\/\/api.w.org\/{rel}","templated":true}]}}