{"id":23950,"date":"2023-03-02T13:15:44","date_gmt":"2023-03-02T18:15:44","guid":{"rendered":"https:\/\/genomequebec.com\/?page_id=23950"},"modified":"2025-05-20T10:00:43","modified_gmt":"2025-05-20T14:00:43","slug":"contact-us","status":"publish","type":"page","link":"https:\/\/genomequebec.com\/en\/contact-us\/","title":{"rendered":"Contact us"},"content":{"rendered":"\n<div class=\"wp-block-columns is-layout-flex wp-container-core-columns-is-layout-28f84493 wp-block-columns-is-layout-flex\">\n<div class=\"wp-block-column is-layout-flow wp-block-column-is-layout-flow\">\n<div class=\"block-accordions-group theme-block theme-block--innerblock aligndefault\">\n    <span class=\"theme-block__label\">Accordions<\/span>\n  \n    \n<div class=\"block-accordion  theme-block theme-block--innerblock aligndefault\">\n    <span class=\"theme-block__label\">Accordion<\/span>\n    <h3 class=\"block-accordion__title\">General <\/h3>\n    \n\n<p><strong><a href=\"mailto:gqinfo@genomequebec.com\">gqinfo@genomequebec.com<\/a><\/strong><\/p>\n\n\n<\/div>\n\n                    \n\n\n<\/div>\n\n\n\n<div class=\"block-accordions-group theme-block theme-block--innerblock aligndefault\">\n    <span class=\"theme-block__label\">Accordions<\/span>\n  \n    \n<div class=\"block-accordion  theme-block theme-block--innerblock aligndefault\">\n    <span class=\"theme-block__label\">Accordion<\/span>\n    <h3 class=\"block-accordion__title\">Accounting<\/h3>\n    \n\n<p><strong><a rel=\"noreferrer noopener\" href=\"mailto:payables@genomequebec.com\" target=\"_blank\">payables@genomequebec.com<\/a><\/strong><\/p>\n\n\n<\/div>\n\n                    \n\n\n<\/div>\n\n\n\n<div class=\"block-accordions-group theme-block theme-block--innerblock aligndefault\">\n    <span class=\"theme-block__label\">Accordions<\/span>\n  \n    \n<div class=\"block-accordion  theme-block theme-block--innerblock aligndefault\">\n    <span class=\"theme-block__label\">Accordion<\/span>\n    <h3 class=\"block-accordion__title\">Education<\/h3>\n    \n\n<p><strong><a rel=\"noreferrer noopener\" href=\"mailto:education@genomequebec.com\" target=\"_blank\">education@genomequebec.com<\/a><\/strong><\/p>\n\n\n<\/div>\n\n                    \n\n\n<\/div>\n\n\n\n<div class=\"block-accordions-group theme-block theme-block--innerblock aligndefault\">\n    <span class=\"theme-block__label\">Accordions<\/span>\n  \n    \n<div class=\"block-accordion  theme-block theme-block--innerblock aligndefault\">\n    <span class=\"theme-block__label\">Accordion<\/span>\n    <h3 class=\"block-accordion__title\">Technology Services (Client Management Office)<\/h3>\n    \n\n<p><strong><a rel=\"noreferrer noopener\" href=\"mailto:infoservices@genomequebec.com\" target=\"_blank\">infoservices@genomequebec.com<\/a><\/strong><\/p>\n\n\n<\/div>\n\n                    \n\n\n<\/div>\n\n\n\n<div class=\"block-accordions-group theme-block theme-block--innerblock aligndefault\">\n    <span class=\"theme-block__label\">Accordions<\/span>\n  \n    \n<div class=\"block-accordion  theme-block theme-block--innerblock aligndefault\">\n    <span class=\"theme-block__label\">Accordion<\/span>\n    <h3 class=\"block-accordion__title\">Human resources <\/h3>\n    \n\n<p><a href=\"mailto:gpetit@genomequebec.com\"><strong>gpetit@genomequebec.com<\/strong><\/a><\/p>\n\n\n<\/div>\n\n                    \n\n\n<\/div>\n\n\n\n<div style=\"height:40px\" aria-hidden=\"true\" class=\"wp-block-spacer\"><\/div>\n\n\n\n<h4 class=\"wp-block-heading\">Administrative Centre<\/h4>\n\n\n\n<p style=\"margin-top:0;margin-right:0;margin-bottom:0;margin-left:0\"><a href=\"https:\/\/www.google.com\/maps\/place\/G%C3%A9nome+Qu%C3%A9bec\/@45.5020047,-73.5690963,17z\/data=!3m2!4b1!5s0x4cc91a5ca93e725b:0xa1c6d1d88eb9984e!4m6!3m5!1s0x4cc91a44c5c411df:0x590fd0344961566d!8m2!3d45.502001!4d-73.566516!16s%2Fg%2F1tls2g3j\" data-type=\"URL\" data-id=\"https:\/\/www.google.com\/maps\/place\/G%C3%A9nome+Qu%C3%A9bec\/@45.5020047,-73.5690963,17z\/data=!3m2!4b1!5s0x4cc91a5ca93e725b:0xa1c6d1d88eb9984e!4m6!3m5!1s0x4cc91a44c5c411df:0x590fd0344961566d!8m2!3d45.502001!4d-73.566516!16s%2Fg%2F1tls2g3j\" target=\"_blank\" rel=\"noreferrer noopener\">630, boul. Ren\u00e9-L\u00e9vesque Ouest, bureau 2660<br>Montr\u00e9al (Qu\u00e9bec)&nbsp; H3B 1S6<\/a><\/p>\n\n\n\n<p>To reach our administrative centre: <a href=\"mailto:gqinfo@genomequebec.com\" target=\"_blank\" rel=\"noreferrer noopener\">gqinfo@genomequebec.com<\/a><\/p>\n<\/div>\n<\/div>\n\n\n\n<div style=\"height:40px\" aria-hidden=\"true\" class=\"wp-block-spacer\"><\/div>\n\n\n\n<div class=\"wp-block-columns is-layout-flex wp-container-core-columns-is-layout-28f84493 wp-block-columns-is-layout-flex\">\n<div class=\"wp-block-column is-layout-flow wp-block-column-is-layout-flow\">\n<h4 class=\"wp-block-heading\">G\u00e9nome Qu\u00e9bec Centre of Expertise and Services<\/h4>\n\n\n\n<p><a href=\"https:\/\/www.google.com\/maps\/place\/Centre+d&#039;expertise+et+de+services+G%C3%A9nome+Qu%C3%A9bec\/@45.5029439,-73.6276413,17z\/data=!3m1!4b1!4m6!3m5!1s0x4cc919425768f955:0x3b0fe7c5a60d83ba!8m2!3d45.5029402!4d-73.625061!16s%2Fg%2F11sts2fwc0\" target=\"_blank\" rel=\"noreferrer noopener\">3175, chemin de la C\u00f4te-Sainte-Catherine<br>Montr\u00e9al (Qu\u00e9bec) H3T 1C5<\/a><br><a href=\"mailto:infoservices@genomequebec.com\" target=\"_blank\" rel=\"noreferrer noopener\">infoservices@genomequebec.com<\/a><br>Telephone: 514-345-4738<\/p>\n<\/div>\n<\/div>\n\n\n\n<div style=\"height:40px\" aria-hidden=\"true\" class=\"wp-block-spacer\"><\/div>\n\n\n\n<div class=\"wp-block-columns is-layout-flex wp-container-core-columns-is-layout-28f84493 wp-block-columns-is-layout-flex\">\n<div class=\"wp-block-column is-layout-flow wp-block-column-is-layout-flow\">\n<h4 class=\"wp-block-heading\">Biobank G\u00e9nome Qu\u00e9bec and CIUSSS du Saguenay-Lac-Saint-Jean<\/h4>\n\n\n\n<p><a href=\"https:\/\/www.google.com\/maps\/place\/305+Rue+St+Vallier,+Chicoutimi,+QC+G7H+6A3\/@48.4259146,-71.0493512,17z\/data=!3m1!4b1!4m6!3m5!1s0x4cc020b3e4d9286b:0x89a2d9f4b0ffe2ed!8m2!3d48.4259111!4d-71.0467709!16s%2Fg%2F11f6nqsbzl\" data-type=\"link\" data-id=\"https:\/\/www.google.com\/maps\/place\/305+Rue+St+Vallier,+Chicoutimi,+QC+G7H+6A3\/@48.4259146,-71.0493512,17z\/data=!3m1!4b1!4m6!3m5!1s0x4cc020b3e4d9286b:0x89a2d9f4b0ffe2ed!8m2!3d48.4259111!4d-71.0467709!16s%2Fg%2F11f6nqsbzl\" target=\"_blank\" rel=\"noreferrer noopener\">305, rue St-Vallier<br>Chicoutimi (Qu\u00e9bec)\u00a0 G7H 5H6<\/a><br>Telephone: 514-345-4738<\/p>\n<\/div>\n<\/div>\n\n\n\n<div style=\"height:40px\" aria-hidden=\"true\" class=\"wp-block-spacer\"><\/div>\n\n\n\n<div class=\"wp-block-group is-layout-constrained wp-block-group-is-layout-constrained\">\n<h4 class=\"wp-block-heading\">Media Relations<\/h4>\n\n\n\n<p><strong>Laurie Frigon<\/strong><br>Senior Advisor, Public Affairs<br><a href=\"mailto:aroy@genomequebec.com\"><\/a><a href=\"mailto:lfrigon@genomequebec.com\" data-type=\"mailto\" data-id=\"mailto:lfrigon@genomequebec.com\" target=\"_blank\" rel=\"noreferrer noopener\">lfrigon@genomequebec.com<\/a><\/p>\n\n\n\n<p style=\"margin-top:0;margin-right:0;margin-bottom:0;margin-left:0\">Telephone: 514-926-5475<\/p>\n<\/div>\n\n\n\n<div style=\"height:40px\" aria-hidden=\"true\" class=\"wp-block-spacer\"><\/div>\n\n\n\n<h4 class=\"wp-block-heading has-text-align-left\">Responsible for Access to Documents and the Protection of Personal Information<\/h4>\n\n\n\n<p class=\"has-text-align-left\">To make a request, please contact <a href=\"gqinfo@genomequebec.com\" data-type=\"URL\" data-id=\"gqinfo@genomequebec.com\"><strong>Cynthia Mvi\u00e9-L\u00e9pine<\/strong><\/a>, Access to Information Officer.&nbsp;<\/p>\n\n\n\n<p><\/p>\n","protected":false},"excerpt":{"rendered":"<p>Administrative Centre 630, boul. Ren\u00e9-L\u00e9vesque Ouest, bureau 2660Montr\u00e9al (Qu\u00e9bec)&nbsp; H3B 1S6 To reach our administrative centre: gqinfo@genomequebec.com G\u00e9nome Qu\u00e9bec Centre of Expertise and Services 3175, chemin de la C\u00f4te-Sainte-CatherineMontr\u00e9al (Qu\u00e9bec)&hellip;<\/p>\n","protected":false},"author":1,"featured_media":0,"parent":0,"menu_order":0,"comment_status":"closed","ping_status":"closed","template":"","meta":{"_acf_changed":false,"_relevanssi_hide_post":"","_relevanssi_hide_content":"","_relevanssi_pin_for_all":"","_relevanssi_pin_keywords":"","_relevanssi_unpin_keywords":"","_relevanssi_related_keywords":"","_relevanssi_related_include_ids":"","_relevanssi_related_exclude_ids":"","_relevanssi_related_no_append":"","_relevanssi_related_not_related":"","_relevanssi_related_posts":"16798,16670,16494,16482,16481,16477","_relevanssi_noindex_reason":"","footnotes":""},"class_list":["post-23950","page","type-page","status-publish","hentry"],"acf":[],"_links":{"self":[{"href":"https:\/\/genomequebec.com\/en\/wp-json\/wp\/v2\/pages\/23950","targetHints":{"allow":["GET"]}}],"collection":[{"href":"https:\/\/genomequebec.com\/en\/wp-json\/wp\/v2\/pages"}],"about":[{"href":"https:\/\/genomequebec.com\/en\/wp-json\/wp\/v2\/types\/page"}],"author":[{"embeddable":true,"href":"https:\/\/genomequebec.com\/en\/wp-json\/wp\/v2\/users\/1"}],"replies":[{"embeddable":true,"href":"https:\/\/genomequebec.com\/en\/wp-json\/wp\/v2\/comments?post=23950"}],"version-history":[{"count":8,"href":"https:\/\/genomequebec.com\/en\/wp-json\/wp\/v2\/pages\/23950\/revisions"}],"predecessor-version":[{"id":31373,"href":"https:\/\/genomequebec.com\/en\/wp-json\/wp\/v2\/pages\/23950\/revisions\/31373"}],"wp:attachment":[{"href":"https:\/\/genomequebec.com\/en\/wp-json\/wp\/v2\/media?parent=23950"}],"curies":[{"name":"wp","href":"https:\/\/api.w.org\/{rel}","templated":true}]}}