{"id":23767,"date":"2023-05-04T15:16:16","date_gmt":"2023-05-04T19:16:16","guid":{"rendered":"https:\/\/genomequebec.com\/?page_id=23767"},"modified":"2024-03-22T15:03:18","modified_gmt":"2024-03-22T19:03:18","slug":"nanuq","status":"publish","type":"page","link":"https:\/\/genomequebec.com\/en\/nanuq\/","title":{"rendered":"Nanuq"},"content":{"rendered":"\n<p>A Web application exclusive to G\u00e9nome Qu\u00e9bec!<\/p>\n\n\n\n<p>Nanuq is a Web application designed to provide secure access to all the scientific data produced by G\u00e9nome Qu\u00e9bec. The application is used internally by laboratory technicians to record their work, and by external users to obtain electronic access to their data. The application was developed in 2003 by G\u00e9nome Qu\u00e9bec&#8217;s IT team and is constantly evolving.<\/p>\n\n\n\n<p>Nanuq is fully configurable. It can therefore be installed in other centers or laboratories. It is also possible to install only certain components, such as administration for account management and LIMS for sample tracking. Contact the <a href=\"mailto:infoservices@genomequebec.com\" data-type=\"mailto\" data-id=\"mailto:infoservices@genomequebec.com\" target=\"_blank\" rel=\"noreferrer noopener\">Client Management Office<\/a> or the <a href=\"mailto:nanuq@genomequebec.com\" target=\"_blank\" data-type=\"mailto\" data-id=\"mailto:nanuq@genomequebec.com\" rel=\"noreferrer noopener\">Nanuq Team<\/a> for more information.<\/p>\n\n\n\n<p><strong>Already a customer?<\/strong><\/p>\n\n\n\n<p><a href=\"https:\/\/ces.genomequebec.com\/nanuqAdministration\/j_security_check?service=http%3A%2F%2Fces.genomequebec.com%2FnanuqAdministration%2F\">ACCESS MY NANUQ ACCOUNT<\/a><\/p>\n\n\n\n<figure class=\"wp-block-image aligncenter size-full\"><img decoding=\"async\" width=\"864\" height=\"576\" src=\"https:\/\/genomequebec.com\/wp-content\/uploads\/2023\/06\/Nanuk_moniteur_angais_LR-1.jpg\" alt=\"\" class=\"wp-image-26951\" srcset=\"https:\/\/genomequebec.com\/wp-content\/uploads\/2023\/06\/Nanuk_moniteur_angais_LR-1.jpg 864w, https:\/\/genomequebec.com\/wp-content\/uploads\/2023\/06\/Nanuk_moniteur_angais_LR-1-300x200.jpg 300w, https:\/\/genomequebec.com\/wp-content\/uploads\/2023\/06\/Nanuk_moniteur_angais_LR-1-768x512.jpg 768w\" sizes=\"(max-width: 864px) 100vw, 864px\" \/><\/figure>\n","protected":false},"excerpt":{"rendered":"<p>A Web application exclusive to G\u00e9nome Qu\u00e9bec! Nanuq is a Web application designed to provide secure access to all the scientific data produced by G\u00e9nome Qu\u00e9bec. The application is used&hellip;<\/p>\n","protected":false},"author":1,"featured_media":0,"parent":0,"menu_order":0,"comment_status":"closed","ping_status":"closed","template":"","meta":{"_acf_changed":false,"_relevanssi_hide_post":"","_relevanssi_hide_content":"","_relevanssi_pin_for_all":"","_relevanssi_pin_keywords":"","_relevanssi_unpin_keywords":"","_relevanssi_related_keywords":"","_relevanssi_related_include_ids":"","_relevanssi_related_exclude_ids":"","_relevanssi_related_no_append":"","_relevanssi_related_not_related":"","_relevanssi_related_posts":"16497,16623,16689,16491,16527,16561","_relevanssi_noindex_reason":"","footnotes":""},"class_list":["post-23767","page","type-page","status-publish","hentry"],"acf":[],"_links":{"self":[{"href":"https:\/\/genomequebec.com\/en\/wp-json\/wp\/v2\/pages\/23767","targetHints":{"allow":["GET"]}}],"collection":[{"href":"https:\/\/genomequebec.com\/en\/wp-json\/wp\/v2\/pages"}],"about":[{"href":"https:\/\/genomequebec.com\/en\/wp-json\/wp\/v2\/types\/page"}],"author":[{"embeddable":true,"href":"https:\/\/genomequebec.com\/en\/wp-json\/wp\/v2\/users\/1"}],"replies":[{"embeddable":true,"href":"https:\/\/genomequebec.com\/en\/wp-json\/wp\/v2\/comments?post=23767"}],"version-history":[{"count":8,"href":"https:\/\/genomequebec.com\/en\/wp-json\/wp\/v2\/pages\/23767\/revisions"}],"predecessor-version":[{"id":28798,"href":"https:\/\/genomequebec.com\/en\/wp-json\/wp\/v2\/pages\/23767\/revisions\/28798"}],"wp:attachment":[{"href":"https:\/\/genomequebec.com\/en\/wp-json\/wp\/v2\/media?parent=23767"}],"curies":[{"name":"wp","href":"https:\/\/api.w.org\/{rel}","templated":true}]}}