{"id":23712,"date":"2023-03-08T13:34:31","date_gmt":"2023-03-08T18:34:31","guid":{"rendered":"https:\/\/genomequebec.com\/?page_id=23712"},"modified":"2023-07-18T08:31:38","modified_gmt":"2023-07-18T12:31:38","slug":"pandemic","status":"publish","type":"page","link":"https:\/\/genomequebec.com\/en\/genomics\/societal-challenges\/pandemic\/","title":{"rendered":"Pandemic"},"content":{"rendered":"\n<h2 class=\"wp-block-heading\">How genomics plays a pivotal role in the fight against COVID-19<\/h2>\n\n\n\n<p>Scientists use genomics to study the genetic material of living organisms, including humans, plants, animals and microorganisms. It may come as a surprise, but viruses too have genetic material (DNA and RNA) that can be analyzed using genomics tools. When studying the genome of a virus, such as the SARS-CoV2 causing COVID-19, scientists are able to better understand its characteristics, vulnerabilities, mechanism of action and evolution.<\/p>\n\n\n\n<p>Genomics can also be used to study the genome of patients and the wide range of symptoms caused by the disease in order to better understand how the virus interacts with the biological systems of humans.<\/p>\n\n\n\n<div class=\"block-accordions-group theme-block theme-block--innerblock aligndefault\">\n    <span class=\"theme-block__label\">Accordions<\/span>\n  \n    \n<div class=\"block-accordion  theme-block theme-block--innerblock aligndefault\">\n    <span class=\"theme-block__label\">Accordion<\/span>\n    <h3 class=\"block-accordion__title\">BIOBANKING<\/h3>\n    \n\n<p><strong>Biobanque qu\u00e9b\u00e9coise de la COVID-19 (BQC19)<\/strong><\/p>\n\n\n\n<p>To fight COVID-19, researchers need high-quality biological samples and medical data from patients infected with the coronavirus. The BQC19 holds biological samples from more than 4,500 patients who have tested positive for COVID-19 with mild to severe symptoms.<\/p>\n\n\n\n<p><strong>Biobanque G\u00e9nome Qu\u00e9bec&nbsp;and CIUSSS du Saguenay-Lac-Saint-Jean<\/strong><\/p>\n\n\n\n<p>Since the start of the pandemic, this biobank has been storing tens of thousands of nasopharyngeal samples collected from people with COVID-19 at various hospitals in Qu\u00e9bec. The samples are used to isolate and sequence the virus in order to monitor its evolution and spread. The availability of high-quality, well-organized human biological tissue collected early in the pandemic will serve as a long-term source of information for the Qu\u00e9bec research community.<\/p>\n\n\n\n<p>To learn more,&nbsp;<a href=\"https:\/\/www.genomequebec.com\/en\/covid-19\/biobank\/#introCovid\" target=\"_blank\" rel=\"noreferrer noopener\">click here<\/a>.&nbsp;<\/p>\n\n\n\n<figure class=\"wp-block-image size-large\"><img decoding=\"async\" width=\"1024\" height=\"293\" src=\"https:\/\/genomequebec.com\/wp-content\/uploads\/2023\/03\/BandeauBiobanque-1024x293.jpg\" alt=\"\" class=\"wp-image-17629\" srcset=\"https:\/\/genomequebec.com\/wp-content\/uploads\/2023\/03\/BandeauBiobanque-1024x293.jpg 1024w, https:\/\/genomequebec.com\/wp-content\/uploads\/2023\/03\/BandeauBiobanque-300x86.jpg 300w, https:\/\/genomequebec.com\/wp-content\/uploads\/2023\/03\/BandeauBiobanque-768x220.jpg 768w, https:\/\/genomequebec.com\/wp-content\/uploads\/2023\/03\/BandeauBiobanque.jpg 1180w\" sizes=\"(max-width: 1024px) 100vw, 1024px\" \/><\/figure>\n\n\n<\/div>\n\n                    \n\n\n<div class=\"block-accordion  theme-block theme-block--innerblock aligndefault\">\n    <span class=\"theme-block__label\">Accordion<\/span>\n    <h3 class=\"block-accordion__title\">SEQUENCING<\/h3>\n    \n\n<p><strong>Sequencing the virus<\/strong><\/p>\n\n\n\n<p>G\u00e9nome Qu\u00e9bec is working with the Laboratoire de sant\u00e9 publique du Qu\u00e9bec on a pan-Canadian initiative (<a rel=\"noreferrer noopener\" href=\"https:\/\/www.genomecanada.ca\/en\/cancogen\/cancogen-virusseq\" target=\"_blank\">CanCogen, VirusSeq<\/a>) whose mandate is to collect and analyze some 150,000 viral sequences from patients who have tested positive for COVID-19. The viral sequences obtained in Quebec will be pooled with those from other provinces to determine the entry pathways of the virus, its spread and its evolution<\/p>\n\n\n\n<p><strong>Sequencing patients samples&nbsp;<\/strong><\/p>\n\n\n\n<p>To better understand the significant variability of symptoms associated with the SARS-Cov-2 virus, researchers are hard at work studying the human genome. G\u00e9nome Qu\u00e9bec has joined the pan-Canadian effort (<a href=\"https:\/\/www.genomecanada.ca\/en\/cancogen\/cancogen-hostseq\" target=\"_blank\" rel=\"noreferrer noopener\">CanCogen, HostSeq<\/a>) involved in collecting some 10,000 genomes from Canadians infected with SARS-Cov-2 and presenting a variety of COVID-19 symptoms.<\/p>\n\n\n\n<p>To learn more,&nbsp;<a href=\"https:\/\/www.genomequebec.com\/en\/covid-19\/sequencing\/#introCovid\" target=\"_blank\" rel=\"noreferrer noopener\">click here<\/a>.&nbsp;<\/p>\n\n\n\n<figure class=\"wp-block-image size-full\"><img decoding=\"async\" width=\"919\" height=\"615\" src=\"https:\/\/genomequebec.com\/wp-content\/uploads\/2023\/04\/2020-08-what-is-next-generation-sequencing.jpg\" alt=\"\" class=\"wp-image-22972\" srcset=\"https:\/\/genomequebec.com\/wp-content\/uploads\/2023\/04\/2020-08-what-is-next-generation-sequencing.jpg 919w, https:\/\/genomequebec.com\/wp-content\/uploads\/2023\/04\/2020-08-what-is-next-generation-sequencing-300x201.jpg 300w, https:\/\/genomequebec.com\/wp-content\/uploads\/2023\/04\/2020-08-what-is-next-generation-sequencing-768x514.jpg 768w\" sizes=\"(max-width: 919px) 100vw, 919px\" \/><\/figure>\n\n\n<\/div>\n\n                    \n\n\n<div class=\"block-accordion  theme-block theme-block--innerblock aligndefault\">\n    <span class=\"theme-block__label\">Accordion<\/span>\n    <h3 class=\"block-accordion__title\">RESEARCH<\/h3>\n    \n\n<p><strong>Research funding<\/strong><\/p>\n\n\n\n<p>G\u00e9nome Qu\u00e9bec, in partnership with Genome Canada, has invested $1 million in a large-scale project involving the discovery of new therapeutic molecules using an innovative approach based on artificial intelligence.<\/p>\n\n\n\n<p><strong>Evaluation of research projects<\/strong><\/p>\n\n\n\n<p>Early on in the pandemic, following a call for proposals on short-term solutions to combat COVID-19, G\u00e9nome Qu\u00e9bec received and assessed more than 60 research project proposals. In collaboration with the Qu\u00e9bec government, a first funding announcement has, so far, supported five projects on COVID-19.<\/p>\n\n\n\n<figure class=\"wp-block-image size-large\"><img decoding=\"async\" width=\"1024\" height=\"293\" src=\"https:\/\/genomequebec.com\/wp-content\/uploads\/2023\/03\/BandeauMicroscope-1024x293.jpg\" alt=\"\" class=\"wp-image-17633\" srcset=\"https:\/\/genomequebec.com\/wp-content\/uploads\/2023\/03\/BandeauMicroscope-1024x293.jpg 1024w, https:\/\/genomequebec.com\/wp-content\/uploads\/2023\/03\/BandeauMicroscope-300x86.jpg 300w, https:\/\/genomequebec.com\/wp-content\/uploads\/2023\/03\/BandeauMicroscope-768x220.jpg 768w, https:\/\/genomequebec.com\/wp-content\/uploads\/2023\/03\/BandeauMicroscope.jpg 1180w\" sizes=\"(max-width: 1024px) 100vw, 1024px\" \/><\/figure>\n\n\n<\/div>\n\n                    \n\n\n<\/div>\n\n\n\n<div class=\"wp-block-columns is-layout-flex wp-container-core-columns-is-layout-28f84493 wp-block-columns-is-layout-flex\">\n<div class=\"wp-block-column is-layout-flow wp-block-column-is-layout-flow\">\n<figure class=\"wp-block-embed is-type-video is-provider-youtube wp-block-embed-youtube wp-embed-aspect-16-9 wp-has-aspect-ratio\"><div class=\"wp-block-embed__wrapper\">\n<iframe title=\"G\u00e9nome Qu\u00e9bec - Sur les traces de la COVID-19\" width=\"500\" height=\"281\" src=\"https:\/\/www.youtube.com\/embed\/WknKDoz_PXE?feature=oembed\" frameborder=\"0\" allow=\"accelerometer; autoplay; clipboard-write; encrypted-media; gyroscope; picture-in-picture; web-share\" referrerpolicy=\"strict-origin-when-cross-origin\" allowfullscreen><\/iframe>\n<\/div><\/figure>\n<\/div>\n\n\n\n<div class=\"wp-block-column is-layout-flow wp-block-column-is-layout-flow\">\n<figure class=\"wp-block-embed is-type-video is-provider-youtube wp-block-embed-youtube wp-embed-aspect-16-9 wp-has-aspect-ratio\"><div class=\"wp-block-embed__wrapper\">\n<iframe title=\"G\u00e9nome Qu\u00e9bec - La course au vaccin\" width=\"500\" height=\"281\" src=\"https:\/\/www.youtube.com\/embed\/xysJfN5bisE?feature=oembed\" frameborder=\"0\" allow=\"accelerometer; autoplay; clipboard-write; encrypted-media; gyroscope; picture-in-picture; web-share\" referrerpolicy=\"strict-origin-when-cross-origin\" allowfullscreen><\/iframe>\n<\/div><\/figure>\n<\/div>\n<\/div>\n\n\n\n<div class=\"block-accordions-group theme-block theme-block--innerblock aligndefault\">\n    <span class=\"theme-block__label\">Accordions<\/span>\n  \n    \n<div class=\"block-accordion  theme-block theme-block--innerblock aligndefault\">\n    <span class=\"theme-block__label\">Accordion<\/span>\n    <h3 class=\"block-accordion__title\">SCIENTIFIC SERVICES<\/h3>\n    \n\n<p><strong>Screening infected people<\/strong><\/p>\n\n\n\n<p>The Centre d\u2019expertise et de services (CES) G\u00e9nome Qu\u00e9bec was called upon to participate in the Quebec screening effort, in partnership with CHU Sainte-Justine.<\/p>\n\n\n\n<p><strong>Services for research teams<\/strong><\/p>\n\n\n\n<p>During the first three months of the pandemic, the G\u00e9nome Qu\u00e9bec CES offered priority genotyping and sequencing services to researchers working on COVID-19. Services have been provided to all users since May 25, 2020.<\/p>\n\n\n\n<p>To learn more about the G\u00e9nome Qu\u00e9bec CES,&nbsp;<a href=\"https:\/\/cesgq.com\/\" target=\"_blank\" rel=\"noreferrer noopener\">click here<\/a>.&nbsp;<\/p>\n\n\n\n<figure class=\"wp-block-image size-large\"><img decoding=\"async\" width=\"1024\" height=\"293\" src=\"https:\/\/genomequebec.com\/wp-content\/uploads\/2023\/03\/BandeauServicesScientifiques-1024x293.jpg\" alt=\"\" class=\"wp-image-17635\" srcset=\"https:\/\/genomequebec.com\/wp-content\/uploads\/2023\/03\/BandeauServicesScientifiques-1024x293.jpg 1024w, https:\/\/genomequebec.com\/wp-content\/uploads\/2023\/03\/BandeauServicesScientifiques-300x86.jpg 300w, https:\/\/genomequebec.com\/wp-content\/uploads\/2023\/03\/BandeauServicesScientifiques-768x220.jpg 768w, https:\/\/genomequebec.com\/wp-content\/uploads\/2023\/03\/BandeauServicesScientifiques.jpg 1180w\" sizes=\"(max-width: 1024px) 100vw, 1024px\" \/><\/figure>\n\n\n<\/div>\n\n                    \n\n\n<\/div>\n","protected":false},"excerpt":{"rendered":"<p>How genomics plays a pivotal role in the fight against COVID-19 Scientists use genomics to study the genetic material of living organisms, including humans, plants, animals and microorganisms. It may&hellip;<\/p>\n","protected":false},"author":1,"featured_media":0,"parent":23709,"menu_order":0,"comment_status":"closed","ping_status":"closed","template":"","meta":{"_acf_changed":false,"_relevanssi_hide_post":"","_relevanssi_hide_content":"","_relevanssi_pin_for_all":"","_relevanssi_pin_keywords":"","_relevanssi_unpin_keywords":"","_relevanssi_related_keywords":"","_relevanssi_related_include_ids":"","_relevanssi_related_exclude_ids":"","_relevanssi_related_no_append":"","_relevanssi_related_not_related":"","_relevanssi_related_posts":"16808,16801,16800,16584,16637,16705","_relevanssi_noindex_reason":"","footnotes":""},"class_list":["post-23712","page","type-page","status-publish","hentry"],"acf":[],"_links":{"self":[{"href":"https:\/\/genomequebec.com\/en\/wp-json\/wp\/v2\/pages\/23712","targetHints":{"allow":["GET"]}}],"collection":[{"href":"https:\/\/genomequebec.com\/en\/wp-json\/wp\/v2\/pages"}],"about":[{"href":"https:\/\/genomequebec.com\/en\/wp-json\/wp\/v2\/types\/page"}],"author":[{"embeddable":true,"href":"https:\/\/genomequebec.com\/en\/wp-json\/wp\/v2\/users\/1"}],"replies":[{"embeddable":true,"href":"https:\/\/genomequebec.com\/en\/wp-json\/wp\/v2\/comments?post=23712"}],"version-history":[{"count":5,"href":"https:\/\/genomequebec.com\/en\/wp-json\/wp\/v2\/pages\/23712\/revisions"}],"predecessor-version":[{"id":27243,"href":"https:\/\/genomequebec.com\/en\/wp-json\/wp\/v2\/pages\/23712\/revisions\/27243"}],"up":[{"embeddable":true,"href":"https:\/\/genomequebec.com\/en\/wp-json\/wp\/v2\/pages\/23709"}],"wp:attachment":[{"href":"https:\/\/genomequebec.com\/en\/wp-json\/wp\/v2\/media?parent=23712"}],"curies":[{"name":"wp","href":"https:\/\/api.w.org\/{rel}","templated":true}]}}